{"id":967,"date":"2021-11-17T13:08:29","date_gmt":"2021-11-17T16:08:29","guid":{"rendered":"https:\/\/corvim.com.ar\/?post_type=product&#038;p=967"},"modified":"2025-09-23T12:32:53","modified_gmt":"2025-09-23T15:32:53","slug":"autopolish-ecologico-para-lavado-de-autos","status":"publish","type":"product","link":"https:\/\/corvim.com.ar\/index.php\/product\/autopolish-ecologico-para-lavado-de-autos\/","title":{"rendered":"AUTOPOLISH ECOLOGICO PARA LAVADO DE AUTOS"},"content":{"rendered":"","protected":false},"excerpt":{"rendered":"<p>Es un producto bif\u00e1sico, extrae las part\u00edculas de polvo y suciedad liviana de la carrocer\u00eda . Realza el brillo y el color de la superficie, otorgando una capa de cera y silicona que protege por mas tiempo. Con gatillo. F\u00e1cil y practico de utilizar. Envase:\u00a0 450 ml.<\/p>\n","protected":false},"featured_media":3252,"template":"","meta":[],"product_brand":[],"product_cat":[134],"product_tag":[91],"class_list":{"0":"post-967","1":"product","2":"type-product","3":"status-publish","4":"has-post-thumbnail","6":"product_cat-otros-productos-linea-industria-autos","7":"product_tag-autopolish","9":"first","10":"instock","11":"shipping-taxable","12":"purchasable","13":"product-type-simple"},"aioseo_notices":[],"yoast_head":"<!-- This site is optimized with the Yoast SEO plugin v27.5 - https:\/\/yoast.com\/product\/yoast-seo-wordpress\/ -->\n<title>AUTOPOLISH ECOLOGICO PARA LAVADO DE AUTOS - corvim.com.ar<\/title>\n<meta name=\"robots\" content=\"index, follow, max-snippet:-1, max-image-preview:large, max-video-preview:-1\" \/>\n<link rel=\"canonical\" href=\"https:\/\/corvim.com.ar\/index.php\/product\/autopolish-ecologico-para-lavado-de-autos\/\" \/>\n<meta property=\"og:locale\" content=\"es_ES\" \/>\n<meta property=\"og:type\" content=\"article\" \/>\n<meta property=\"og:title\" content=\"AUTOPOLISH ECOLOGICO PARA LAVADO DE AUTOS - corvim.com.ar\" \/>\n<meta property=\"og:description\" content=\"Es un producto bif\u00e1sico, extrae las part\u00edculas de polvo y suciedad liviana de la carrocer\u00eda . Realza el brillo y el color de la superficie, otorgando una capa de cera y silicona que protege por mas tiempo. Con gatillo. F\u00e1cil y practico de utilizar. Envase:\u00a0 450 ml.\" \/>\n<meta property=\"og:url\" content=\"https:\/\/corvim.com.ar\/index.php\/product\/autopolish-ecologico-para-lavado-de-autos\/\" \/>\n<meta property=\"og:site_name\" content=\"corvim.com.ar\" \/>\n<meta property=\"article:modified_time\" content=\"2025-09-23T15:32:53+00:00\" \/>\n<meta property=\"og:image\" content=\"http:\/\/corvim.com.ar\/wp-content\/uploads\/2021\/11\/autopolish-eco-Photoroom-2025-09-08T214117.jpg\" \/>\n\t<meta property=\"og:image:width\" content=\"600\" \/>\n\t<meta property=\"og:image:height\" content=\"592\" \/>\n\t<meta property=\"og:image:type\" content=\"image\/jpeg\" \/>\n<meta name=\"twitter:card\" content=\"summary_large_image\" \/>\n<meta name=\"twitter:label1\" content=\"Tiempo de lectura\" \/>\n\t<meta name=\"twitter:data1\" content=\"1 minuto\" \/>\n<script type=\"application\/ld+json\" class=\"yoast-schema-graph\">{\"@context\":\"https:\\\/\\\/schema.org\",\"@graph\":[{\"@type\":\"WebPage\",\"@id\":\"https:\\\/\\\/corvim.com.ar\\\/index.php\\\/product\\\/autopolish-ecologico-para-lavado-de-autos\\\/\",\"url\":\"https:\\\/\\\/corvim.com.ar\\\/index.php\\\/product\\\/autopolish-ecologico-para-lavado-de-autos\\\/\",\"name\":\"AUTOPOLISH ECOLOGICO PARA LAVADO DE AUTOS - corvim.com.ar\",\"isPartOf\":{\"@id\":\"https:\\\/\\\/corvim.com.ar\\\/#website\"},\"primaryImageOfPage\":{\"@id\":\"https:\\\/\\\/corvim.com.ar\\\/index.php\\\/product\\\/autopolish-ecologico-para-lavado-de-autos\\\/#primaryimage\"},\"image\":{\"@id\":\"https:\\\/\\\/corvim.com.ar\\\/index.php\\\/product\\\/autopolish-ecologico-para-lavado-de-autos\\\/#primaryimage\"},\"thumbnailUrl\":\"https:\\\/\\\/corvim.com.ar\\\/wp-content\\\/uploads\\\/2021\\\/11\\\/autopolish-eco-Photoroom-2025-09-08T214117.jpg\",\"datePublished\":\"2021-11-17T16:08:29+00:00\",\"dateModified\":\"2025-09-23T15:32:53+00:00\",\"breadcrumb\":{\"@id\":\"https:\\\/\\\/corvim.com.ar\\\/index.php\\\/product\\\/autopolish-ecologico-para-lavado-de-autos\\\/#breadcrumb\"},\"inLanguage\":\"es\",\"potentialAction\":[{\"@type\":\"ReadAction\",\"target\":[\"https:\\\/\\\/corvim.com.ar\\\/index.php\\\/product\\\/autopolish-ecologico-para-lavado-de-autos\\\/\"]}]},{\"@type\":\"ImageObject\",\"inLanguage\":\"es\",\"@id\":\"https:\\\/\\\/corvim.com.ar\\\/index.php\\\/product\\\/autopolish-ecologico-para-lavado-de-autos\\\/#primaryimage\",\"url\":\"https:\\\/\\\/corvim.com.ar\\\/wp-content\\\/uploads\\\/2021\\\/11\\\/autopolish-eco-Photoroom-2025-09-08T214117.jpg\",\"contentUrl\":\"https:\\\/\\\/corvim.com.ar\\\/wp-content\\\/uploads\\\/2021\\\/11\\\/autopolish-eco-Photoroom-2025-09-08T214117.jpg\",\"width\":600,\"height\":592},{\"@type\":\"BreadcrumbList\",\"@id\":\"https:\\\/\\\/corvim.com.ar\\\/index.php\\\/product\\\/autopolish-ecologico-para-lavado-de-autos\\\/#breadcrumb\",\"itemListElement\":[{\"@type\":\"ListItem\",\"position\":1,\"name\":\"Portada\",\"item\":\"https:\\\/\\\/corvim.com.ar\\\/\"},{\"@type\":\"ListItem\",\"position\":2,\"name\":\"Productos\",\"item\":\"https:\\\/\\\/corvim.com.ar\\\/index.php\\\/shop\\\/\"},{\"@type\":\"ListItem\",\"position\":3,\"name\":\"AUTOPOLISH ECOLOGICO PARA LAVADO DE AUTOS\"}]},{\"@type\":\"WebSite\",\"@id\":\"https:\\\/\\\/corvim.com.ar\\\/#website\",\"url\":\"https:\\\/\\\/corvim.com.ar\\\/\",\"name\":\"corvim.com.ar\",\"description\":\"\",\"publisher\":{\"@id\":\"https:\\\/\\\/corvim.com.ar\\\/#organization\"},\"potentialAction\":[{\"@type\":\"SearchAction\",\"target\":{\"@type\":\"EntryPoint\",\"urlTemplate\":\"https:\\\/\\\/corvim.com.ar\\\/?s={search_term_string}\"},\"query-input\":{\"@type\":\"PropertyValueSpecification\",\"valueRequired\":true,\"valueName\":\"search_term_string\"}}],\"inLanguage\":\"es\"},{\"@type\":\"Organization\",\"@id\":\"https:\\\/\\\/corvim.com.ar\\\/#organization\",\"name\":\"corvim.com.ar\",\"url\":\"https:\\\/\\\/corvim.com.ar\\\/\",\"logo\":{\"@type\":\"ImageObject\",\"inLanguage\":\"es\",\"@id\":\"https:\\\/\\\/corvim.com.ar\\\/#\\\/schema\\\/logo\\\/image\\\/\",\"url\":\"https:\\\/\\\/corvim.com.ar\\\/wp-content\\\/uploads\\\/2025\\\/06\\\/cropped-logo-corvim.jpg\",\"contentUrl\":\"https:\\\/\\\/corvim.com.ar\\\/wp-content\\\/uploads\\\/2025\\\/06\\\/cropped-logo-corvim.jpg\",\"width\":165,\"height\":84,\"caption\":\"corvim.com.ar\"},\"image\":{\"@id\":\"https:\\\/\\\/corvim.com.ar\\\/#\\\/schema\\\/logo\\\/image\\\/\"}}]}<\/script>\n<!-- \/ Yoast SEO plugin. -->","yoast_head_json":{"title":"AUTOPOLISH ECOLOGICO PARA LAVADO DE AUTOS - corvim.com.ar","robots":{"index":"index","follow":"follow","max-snippet":"max-snippet:-1","max-image-preview":"max-image-preview:large","max-video-preview":"max-video-preview:-1"},"canonical":"https:\/\/corvim.com.ar\/index.php\/product\/autopolish-ecologico-para-lavado-de-autos\/","og_locale":"es_ES","og_type":"article","og_title":"AUTOPOLISH ECOLOGICO PARA LAVADO DE AUTOS - corvim.com.ar","og_description":"Es un producto bif\u00e1sico, extrae las part\u00edculas de polvo y suciedad liviana de la carrocer\u00eda . Realza el brillo y el color de la superficie, otorgando una capa de cera y silicona que protege por mas tiempo. Con gatillo. F\u00e1cil y practico de utilizar. Envase:\u00a0 450 ml.","og_url":"https:\/\/corvim.com.ar\/index.php\/product\/autopolish-ecologico-para-lavado-de-autos\/","og_site_name":"corvim.com.ar","article_modified_time":"2025-09-23T15:32:53+00:00","og_image":[{"width":600,"height":592,"url":"http:\/\/corvim.com.ar\/wp-content\/uploads\/2021\/11\/autopolish-eco-Photoroom-2025-09-08T214117.jpg","type":"image\/jpeg"}],"twitter_card":"summary_large_image","twitter_misc":{"Tiempo de lectura":"1 minuto"},"schema":{"@context":"https:\/\/schema.org","@graph":[{"@type":"WebPage","@id":"https:\/\/corvim.com.ar\/index.php\/product\/autopolish-ecologico-para-lavado-de-autos\/","url":"https:\/\/corvim.com.ar\/index.php\/product\/autopolish-ecologico-para-lavado-de-autos\/","name":"AUTOPOLISH ECOLOGICO PARA LAVADO DE AUTOS - corvim.com.ar","isPartOf":{"@id":"https:\/\/corvim.com.ar\/#website"},"primaryImageOfPage":{"@id":"https:\/\/corvim.com.ar\/index.php\/product\/autopolish-ecologico-para-lavado-de-autos\/#primaryimage"},"image":{"@id":"https:\/\/corvim.com.ar\/index.php\/product\/autopolish-ecologico-para-lavado-de-autos\/#primaryimage"},"thumbnailUrl":"https:\/\/corvim.com.ar\/wp-content\/uploads\/2021\/11\/autopolish-eco-Photoroom-2025-09-08T214117.jpg","datePublished":"2021-11-17T16:08:29+00:00","dateModified":"2025-09-23T15:32:53+00:00","breadcrumb":{"@id":"https:\/\/corvim.com.ar\/index.php\/product\/autopolish-ecologico-para-lavado-de-autos\/#breadcrumb"},"inLanguage":"es","potentialAction":[{"@type":"ReadAction","target":["https:\/\/corvim.com.ar\/index.php\/product\/autopolish-ecologico-para-lavado-de-autos\/"]}]},{"@type":"ImageObject","inLanguage":"es","@id":"https:\/\/corvim.com.ar\/index.php\/product\/autopolish-ecologico-para-lavado-de-autos\/#primaryimage","url":"https:\/\/corvim.com.ar\/wp-content\/uploads\/2021\/11\/autopolish-eco-Photoroom-2025-09-08T214117.jpg","contentUrl":"https:\/\/corvim.com.ar\/wp-content\/uploads\/2021\/11\/autopolish-eco-Photoroom-2025-09-08T214117.jpg","width":600,"height":592},{"@type":"BreadcrumbList","@id":"https:\/\/corvim.com.ar\/index.php\/product\/autopolish-ecologico-para-lavado-de-autos\/#breadcrumb","itemListElement":[{"@type":"ListItem","position":1,"name":"Portada","item":"https:\/\/corvim.com.ar\/"},{"@type":"ListItem","position":2,"name":"Productos","item":"https:\/\/corvim.com.ar\/index.php\/shop\/"},{"@type":"ListItem","position":3,"name":"AUTOPOLISH ECOLOGICO PARA LAVADO DE AUTOS"}]},{"@type":"WebSite","@id":"https:\/\/corvim.com.ar\/#website","url":"https:\/\/corvim.com.ar\/","name":"corvim.com.ar","description":"","publisher":{"@id":"https:\/\/corvim.com.ar\/#organization"},"potentialAction":[{"@type":"SearchAction","target":{"@type":"EntryPoint","urlTemplate":"https:\/\/corvim.com.ar\/?s={search_term_string}"},"query-input":{"@type":"PropertyValueSpecification","valueRequired":true,"valueName":"search_term_string"}}],"inLanguage":"es"},{"@type":"Organization","@id":"https:\/\/corvim.com.ar\/#organization","name":"corvim.com.ar","url":"https:\/\/corvim.com.ar\/","logo":{"@type":"ImageObject","inLanguage":"es","@id":"https:\/\/corvim.com.ar\/#\/schema\/logo\/image\/","url":"https:\/\/corvim.com.ar\/wp-content\/uploads\/2025\/06\/cropped-logo-corvim.jpg","contentUrl":"https:\/\/corvim.com.ar\/wp-content\/uploads\/2025\/06\/cropped-logo-corvim.jpg","width":165,"height":84,"caption":"corvim.com.ar"},"image":{"@id":"https:\/\/corvim.com.ar\/#\/schema\/logo\/image\/"}}]}},"_links":{"self":[{"href":"https:\/\/corvim.com.ar\/index.php\/wp-json\/wp\/v2\/product\/967","targetHints":{"allow":["GET"]}}],"collection":[{"href":"https:\/\/corvim.com.ar\/index.php\/wp-json\/wp\/v2\/product"}],"about":[{"href":"https:\/\/corvim.com.ar\/index.php\/wp-json\/wp\/v2\/types\/product"}],"version-history":[{"count":2,"href":"https:\/\/corvim.com.ar\/index.php\/wp-json\/wp\/v2\/product\/967\/revisions"}],"predecessor-version":[{"id":3613,"href":"https:\/\/corvim.com.ar\/index.php\/wp-json\/wp\/v2\/product\/967\/revisions\/3613"}],"wp:featuredmedia":[{"embeddable":true,"href":"https:\/\/corvim.com.ar\/index.php\/wp-json\/wp\/v2\/media\/3252"}],"wp:attachment":[{"href":"https:\/\/corvim.com.ar\/index.php\/wp-json\/wp\/v2\/media?parent=967"}],"wp:term":[{"taxonomy":"product_brand","embeddable":true,"href":"https:\/\/corvim.com.ar\/index.php\/wp-json\/wp\/v2\/product_brand?post=967"},{"taxonomy":"product_cat","embeddable":true,"href":"https:\/\/corvim.com.ar\/index.php\/wp-json\/wp\/v2\/product_cat?post=967"},{"taxonomy":"product_tag","embeddable":true,"href":"https:\/\/corvim.com.ar\/index.php\/wp-json\/wp\/v2\/product_tag?post=967"}],"curies":[{"name":"wp","href":"https:\/\/api.w.org\/{rel}","templated":true}]}}