{"id":948,"date":"2021-11-17T12:14:55","date_gmt":"2021-11-17T15:14:55","guid":{"rendered":"https:\/\/corvim.com.ar\/?post_type=product&#038;p=948"},"modified":"2025-09-25T12:36:30","modified_gmt":"2025-09-25T15:36:30","slug":"sellador-de-silicona-suprabond","status":"publish","type":"product","link":"https:\/\/corvim.com.ar\/index.php\/product\/sellador-de-silicona-suprabond\/","title":{"rendered":"SELLADOR DE SILICONA NEUTRA &#8211; CONSTRUCCION SUPRABOND"},"content":{"rendered":"","protected":false},"excerpt":{"rendered":"<p>Ideal para todo tipo de cerramientos de policarbonato, acr\u00edlico, aluminio y materiales f\u00e1cilmente oxidables. Permite formar juntas de dilataci\u00f3n. Adhiere sobre: cer\u00e1mica, mamposter\u00eda, aluminio, policarbonato, madera, m\u00e1rmol, metal, vidrio, espejos, granito, pl\u00e1stico, pvc. Uso interior y exterior, resistentes rayos uv, a altas y bajas temperaturas, al agua, la humedad. Alta flexibilidad y elasticidad Aislante el\u00e9ctrico. Absorbe\u00a0 vibraciones y golpes . Envase por 280 ml.<\/p>\n","protected":false},"featured_media":3245,"template":"","meta":[],"product_brand":[],"product_cat":[53],"product_tag":[87],"class_list":{"0":"post-948","1":"product","2":"type-product","3":"status-publish","4":"has-post-thumbnail","6":"product_cat-selladores-revoques-pegamentos","7":"product_tag-suprabond","9":"first","10":"instock","11":"shipping-taxable","12":"purchasable","13":"product-type-variable"},"aioseo_notices":[],"yoast_head":"<!-- This site is optimized with the Yoast SEO plugin v27.5 - https:\/\/yoast.com\/product\/yoast-seo-wordpress\/ -->\n<title>SELLADOR DE SILICONA NEUTRA - CONSTRUCCION SUPRABOND - corvim.com.ar<\/title>\n<meta name=\"robots\" content=\"index, follow, max-snippet:-1, max-image-preview:large, max-video-preview:-1\" \/>\n<link rel=\"canonical\" href=\"https:\/\/corvim.com.ar\/index.php\/product\/sellador-de-silicona-suprabond\/\" \/>\n<meta property=\"og:locale\" content=\"es_ES\" \/>\n<meta property=\"og:type\" content=\"article\" \/>\n<meta property=\"og:title\" content=\"SELLADOR DE SILICONA NEUTRA - CONSTRUCCION SUPRABOND - corvim.com.ar\" \/>\n<meta property=\"og:description\" content=\"Ideal para todo tipo de cerramientos de policarbonato, acr\u00edlico, aluminio y materiales f\u00e1cilmente oxidables. Permite formar juntas de dilataci\u00f3n. Adhiere sobre: cer\u00e1mica, mamposter\u00eda, aluminio, policarbonato, madera, m\u00e1rmol, metal, vidrio, espejos, granito, pl\u00e1stico, pvc. Uso interior y exterior, resistentes rayos uv, a altas y bajas temperaturas, al agua, la humedad. Alta flexibilidad y elasticidad Aislante el\u00e9ctrico. Absorbe\u00a0 vibraciones y golpes . Envase por 280 ml.\" \/>\n<meta property=\"og:url\" content=\"https:\/\/corvim.com.ar\/index.php\/product\/sellador-de-silicona-suprabond\/\" \/>\n<meta property=\"og:site_name\" content=\"corvim.com.ar\" \/>\n<meta property=\"article:modified_time\" content=\"2025-09-25T15:36:30+00:00\" \/>\n<meta property=\"og:image\" content=\"http:\/\/corvim.com.ar\/wp-content\/uploads\/2021\/11\/silicona-construcion-Photoroom-2025-09-08T212636.353.jpg\" \/>\n\t<meta property=\"og:image:width\" content=\"600\" \/>\n\t<meta property=\"og:image:height\" content=\"592\" \/>\n\t<meta property=\"og:image:type\" content=\"image\/jpeg\" \/>\n<meta name=\"twitter:card\" content=\"summary_large_image\" \/>\n<meta name=\"twitter:label1\" content=\"Tiempo de lectura\" \/>\n\t<meta name=\"twitter:data1\" content=\"1 minuto\" \/>\n<script type=\"application\/ld+json\" class=\"yoast-schema-graph\">{\"@context\":\"https:\\\/\\\/schema.org\",\"@graph\":[{\"@type\":\"WebPage\",\"@id\":\"https:\\\/\\\/corvim.com.ar\\\/index.php\\\/product\\\/sellador-de-silicona-suprabond\\\/\",\"url\":\"https:\\\/\\\/corvim.com.ar\\\/index.php\\\/product\\\/sellador-de-silicona-suprabond\\\/\",\"name\":\"SELLADOR DE SILICONA NEUTRA - CONSTRUCCION SUPRABOND - corvim.com.ar\",\"isPartOf\":{\"@id\":\"https:\\\/\\\/corvim.com.ar\\\/#website\"},\"primaryImageOfPage\":{\"@id\":\"https:\\\/\\\/corvim.com.ar\\\/index.php\\\/product\\\/sellador-de-silicona-suprabond\\\/#primaryimage\"},\"image\":{\"@id\":\"https:\\\/\\\/corvim.com.ar\\\/index.php\\\/product\\\/sellador-de-silicona-suprabond\\\/#primaryimage\"},\"thumbnailUrl\":\"https:\\\/\\\/corvim.com.ar\\\/wp-content\\\/uploads\\\/2021\\\/11\\\/silicona-construcion-Photoroom-2025-09-08T212636.353.jpg\",\"datePublished\":\"2021-11-17T15:14:55+00:00\",\"dateModified\":\"2025-09-25T15:36:30+00:00\",\"breadcrumb\":{\"@id\":\"https:\\\/\\\/corvim.com.ar\\\/index.php\\\/product\\\/sellador-de-silicona-suprabond\\\/#breadcrumb\"},\"inLanguage\":\"es\",\"potentialAction\":[{\"@type\":\"ReadAction\",\"target\":[\"https:\\\/\\\/corvim.com.ar\\\/index.php\\\/product\\\/sellador-de-silicona-suprabond\\\/\"]}]},{\"@type\":\"ImageObject\",\"inLanguage\":\"es\",\"@id\":\"https:\\\/\\\/corvim.com.ar\\\/index.php\\\/product\\\/sellador-de-silicona-suprabond\\\/#primaryimage\",\"url\":\"https:\\\/\\\/corvim.com.ar\\\/wp-content\\\/uploads\\\/2021\\\/11\\\/silicona-construcion-Photoroom-2025-09-08T212636.353.jpg\",\"contentUrl\":\"https:\\\/\\\/corvim.com.ar\\\/wp-content\\\/uploads\\\/2021\\\/11\\\/silicona-construcion-Photoroom-2025-09-08T212636.353.jpg\",\"width\":600,\"height\":592},{\"@type\":\"BreadcrumbList\",\"@id\":\"https:\\\/\\\/corvim.com.ar\\\/index.php\\\/product\\\/sellador-de-silicona-suprabond\\\/#breadcrumb\",\"itemListElement\":[{\"@type\":\"ListItem\",\"position\":1,\"name\":\"Portada\",\"item\":\"https:\\\/\\\/corvim.com.ar\\\/\"},{\"@type\":\"ListItem\",\"position\":2,\"name\":\"Productos\",\"item\":\"https:\\\/\\\/corvim.com.ar\\\/index.php\\\/shop\\\/\"},{\"@type\":\"ListItem\",\"position\":3,\"name\":\"SELLADOR DE SILICONA NEUTRA &#8211; CONSTRUCCION SUPRABOND\"}]},{\"@type\":\"WebSite\",\"@id\":\"https:\\\/\\\/corvim.com.ar\\\/#website\",\"url\":\"https:\\\/\\\/corvim.com.ar\\\/\",\"name\":\"corvim.com.ar\",\"description\":\"\",\"publisher\":{\"@id\":\"https:\\\/\\\/corvim.com.ar\\\/#organization\"},\"potentialAction\":[{\"@type\":\"SearchAction\",\"target\":{\"@type\":\"EntryPoint\",\"urlTemplate\":\"https:\\\/\\\/corvim.com.ar\\\/?s={search_term_string}\"},\"query-input\":{\"@type\":\"PropertyValueSpecification\",\"valueRequired\":true,\"valueName\":\"search_term_string\"}}],\"inLanguage\":\"es\"},{\"@type\":\"Organization\",\"@id\":\"https:\\\/\\\/corvim.com.ar\\\/#organization\",\"name\":\"corvim.com.ar\",\"url\":\"https:\\\/\\\/corvim.com.ar\\\/\",\"logo\":{\"@type\":\"ImageObject\",\"inLanguage\":\"es\",\"@id\":\"https:\\\/\\\/corvim.com.ar\\\/#\\\/schema\\\/logo\\\/image\\\/\",\"url\":\"https:\\\/\\\/corvim.com.ar\\\/wp-content\\\/uploads\\\/2025\\\/06\\\/cropped-logo-corvim.jpg\",\"contentUrl\":\"https:\\\/\\\/corvim.com.ar\\\/wp-content\\\/uploads\\\/2025\\\/06\\\/cropped-logo-corvim.jpg\",\"width\":165,\"height\":84,\"caption\":\"corvim.com.ar\"},\"image\":{\"@id\":\"https:\\\/\\\/corvim.com.ar\\\/#\\\/schema\\\/logo\\\/image\\\/\"}}]}<\/script>\n<!-- \/ Yoast SEO plugin. -->","yoast_head_json":{"title":"SELLADOR DE SILICONA NEUTRA - CONSTRUCCION SUPRABOND - corvim.com.ar","robots":{"index":"index","follow":"follow","max-snippet":"max-snippet:-1","max-image-preview":"max-image-preview:large","max-video-preview":"max-video-preview:-1"},"canonical":"https:\/\/corvim.com.ar\/index.php\/product\/sellador-de-silicona-suprabond\/","og_locale":"es_ES","og_type":"article","og_title":"SELLADOR DE SILICONA NEUTRA - CONSTRUCCION SUPRABOND - corvim.com.ar","og_description":"Ideal para todo tipo de cerramientos de policarbonato, acr\u00edlico, aluminio y materiales f\u00e1cilmente oxidables. Permite formar juntas de dilataci\u00f3n. Adhiere sobre: cer\u00e1mica, mamposter\u00eda, aluminio, policarbonato, madera, m\u00e1rmol, metal, vidrio, espejos, granito, pl\u00e1stico, pvc. Uso interior y exterior, resistentes rayos uv, a altas y bajas temperaturas, al agua, la humedad. Alta flexibilidad y elasticidad Aislante el\u00e9ctrico. Absorbe\u00a0 vibraciones y golpes . Envase por 280 ml.","og_url":"https:\/\/corvim.com.ar\/index.php\/product\/sellador-de-silicona-suprabond\/","og_site_name":"corvim.com.ar","article_modified_time":"2025-09-25T15:36:30+00:00","og_image":[{"width":600,"height":592,"url":"http:\/\/corvim.com.ar\/wp-content\/uploads\/2021\/11\/silicona-construcion-Photoroom-2025-09-08T212636.353.jpg","type":"image\/jpeg"}],"twitter_card":"summary_large_image","twitter_misc":{"Tiempo de lectura":"1 minuto"},"schema":{"@context":"https:\/\/schema.org","@graph":[{"@type":"WebPage","@id":"https:\/\/corvim.com.ar\/index.php\/product\/sellador-de-silicona-suprabond\/","url":"https:\/\/corvim.com.ar\/index.php\/product\/sellador-de-silicona-suprabond\/","name":"SELLADOR DE SILICONA NEUTRA - CONSTRUCCION SUPRABOND - corvim.com.ar","isPartOf":{"@id":"https:\/\/corvim.com.ar\/#website"},"primaryImageOfPage":{"@id":"https:\/\/corvim.com.ar\/index.php\/product\/sellador-de-silicona-suprabond\/#primaryimage"},"image":{"@id":"https:\/\/corvim.com.ar\/index.php\/product\/sellador-de-silicona-suprabond\/#primaryimage"},"thumbnailUrl":"https:\/\/corvim.com.ar\/wp-content\/uploads\/2021\/11\/silicona-construcion-Photoroom-2025-09-08T212636.353.jpg","datePublished":"2021-11-17T15:14:55+00:00","dateModified":"2025-09-25T15:36:30+00:00","breadcrumb":{"@id":"https:\/\/corvim.com.ar\/index.php\/product\/sellador-de-silicona-suprabond\/#breadcrumb"},"inLanguage":"es","potentialAction":[{"@type":"ReadAction","target":["https:\/\/corvim.com.ar\/index.php\/product\/sellador-de-silicona-suprabond\/"]}]},{"@type":"ImageObject","inLanguage":"es","@id":"https:\/\/corvim.com.ar\/index.php\/product\/sellador-de-silicona-suprabond\/#primaryimage","url":"https:\/\/corvim.com.ar\/wp-content\/uploads\/2021\/11\/silicona-construcion-Photoroom-2025-09-08T212636.353.jpg","contentUrl":"https:\/\/corvim.com.ar\/wp-content\/uploads\/2021\/11\/silicona-construcion-Photoroom-2025-09-08T212636.353.jpg","width":600,"height":592},{"@type":"BreadcrumbList","@id":"https:\/\/corvim.com.ar\/index.php\/product\/sellador-de-silicona-suprabond\/#breadcrumb","itemListElement":[{"@type":"ListItem","position":1,"name":"Portada","item":"https:\/\/corvim.com.ar\/"},{"@type":"ListItem","position":2,"name":"Productos","item":"https:\/\/corvim.com.ar\/index.php\/shop\/"},{"@type":"ListItem","position":3,"name":"SELLADOR DE SILICONA NEUTRA &#8211; CONSTRUCCION SUPRABOND"}]},{"@type":"WebSite","@id":"https:\/\/corvim.com.ar\/#website","url":"https:\/\/corvim.com.ar\/","name":"corvim.com.ar","description":"","publisher":{"@id":"https:\/\/corvim.com.ar\/#organization"},"potentialAction":[{"@type":"SearchAction","target":{"@type":"EntryPoint","urlTemplate":"https:\/\/corvim.com.ar\/?s={search_term_string}"},"query-input":{"@type":"PropertyValueSpecification","valueRequired":true,"valueName":"search_term_string"}}],"inLanguage":"es"},{"@type":"Organization","@id":"https:\/\/corvim.com.ar\/#organization","name":"corvim.com.ar","url":"https:\/\/corvim.com.ar\/","logo":{"@type":"ImageObject","inLanguage":"es","@id":"https:\/\/corvim.com.ar\/#\/schema\/logo\/image\/","url":"https:\/\/corvim.com.ar\/wp-content\/uploads\/2025\/06\/cropped-logo-corvim.jpg","contentUrl":"https:\/\/corvim.com.ar\/wp-content\/uploads\/2025\/06\/cropped-logo-corvim.jpg","width":165,"height":84,"caption":"corvim.com.ar"},"image":{"@id":"https:\/\/corvim.com.ar\/#\/schema\/logo\/image\/"}}]}},"_links":{"self":[{"href":"https:\/\/corvim.com.ar\/index.php\/wp-json\/wp\/v2\/product\/948","targetHints":{"allow":["GET"]}}],"collection":[{"href":"https:\/\/corvim.com.ar\/index.php\/wp-json\/wp\/v2\/product"}],"about":[{"href":"https:\/\/corvim.com.ar\/index.php\/wp-json\/wp\/v2\/types\/product"}],"version-history":[{"count":2,"href":"https:\/\/corvim.com.ar\/index.php\/wp-json\/wp\/v2\/product\/948\/revisions"}],"predecessor-version":[{"id":3247,"href":"https:\/\/corvim.com.ar\/index.php\/wp-json\/wp\/v2\/product\/948\/revisions\/3247"}],"wp:featuredmedia":[{"embeddable":true,"href":"https:\/\/corvim.com.ar\/index.php\/wp-json\/wp\/v2\/media\/3245"}],"wp:attachment":[{"href":"https:\/\/corvim.com.ar\/index.php\/wp-json\/wp\/v2\/media?parent=948"}],"wp:term":[{"taxonomy":"product_brand","embeddable":true,"href":"https:\/\/corvim.com.ar\/index.php\/wp-json\/wp\/v2\/product_brand?post=948"},{"taxonomy":"product_cat","embeddable":true,"href":"https:\/\/corvim.com.ar\/index.php\/wp-json\/wp\/v2\/product_cat?post=948"},{"taxonomy":"product_tag","embeddable":true,"href":"https:\/\/corvim.com.ar\/index.php\/wp-json\/wp\/v2\/product_tag?post=948"}],"curies":[{"name":"wp","href":"https:\/\/api.w.org\/{rel}","templated":true}]}}