{"id":669,"date":"2021-11-17T10:07:18","date_gmt":"2021-11-17T13:07:18","guid":{"rendered":"https:\/\/corvim.com.ar\/?post_type=product&#038;p=669"},"modified":"2025-08-30T11:51:12","modified_gmt":"2025-08-30T14:51:12","slug":"thinner-bidon-x-5-lts-standar-y-sello-de-oro","status":"publish","type":"product","link":"https:\/\/corvim.com.ar\/index.php\/product\/thinner-bidon-x-5-lts-standar-y-sello-de-oro\/","title":{"rendered":"THINNER BID\u00d3N X 5 LTS (Estandar y Sello de Oro)"},"content":{"rendered":"","protected":false},"excerpt":{"rendered":"<p>El Thinner Standard es de evaporaci\u00f3n muy r\u00e1pida y bien regulada. Permite la aplicaci\u00f3n con soplete de lacas y fondos nitro, selladores nitro, y acabados en general. Cuenta con alto poder de disoluci\u00f3n para contaminantes tales como resinas, aceites, grasas, ceras, etc.<\/p>\n<p>Thinner Sello de Oro, es un thinner compuesto por mezcla de hidrocarburos arom\u00e1ticos, alif\u00e1ticos, y compuestos oxigenados. Exento totalmente de benceno y solventes clorados. Formulado bajo el concepto de Evaporaci\u00f3n Controlada que produce acabados excelentes, perfecto planchado y superficie libre de toda floculaci\u00f3n y flotado de pigmentos.<\/p>\n<p>Permite obtener excelentes resultados con lacas acr\u00edlicas y Nitrosint\u00e9ticas. Apto tambi\u00e9n para utilizar con esmaltes sint\u00e9ticos, lacas nitro, lacas poli\u00e9ster, Primers 1K y Clears y Barnices 1K. Las propiedades del Thinner Oro, resaltan al aplicar clears acr\u00edlicos o lacas de colores dif\u00edciles como negros intensos o metalizados.<\/p>\n","protected":false},"featured_media":2952,"template":"","meta":[],"product_brand":[],"product_cat":[134],"product_tag":[102],"class_list":{"0":"post-669","1":"product","2":"type-product","3":"status-publish","4":"has-post-thumbnail","6":"product_cat-otros-productos-linea-industria-autos","7":"product_tag-standar-sello-de-oro","9":"first","10":"instock","11":"shipping-taxable","12":"purchasable","13":"product-type-simple"},"aioseo_notices":[],"yoast_head":"<!-- This site is optimized with the Yoast SEO plugin v27.5 - https:\/\/yoast.com\/product\/yoast-seo-wordpress\/ -->\n<title>THINNER BID\u00d3N X 5 LTS (Estandar y Sello de Oro) - corvim.com.ar<\/title>\n<meta name=\"robots\" content=\"index, follow, max-snippet:-1, max-image-preview:large, max-video-preview:-1\" \/>\n<link rel=\"canonical\" href=\"https:\/\/corvim.com.ar\/index.php\/product\/thinner-bidon-x-5-lts-standar-y-sello-de-oro\/\" \/>\n<meta property=\"og:locale\" content=\"es_ES\" \/>\n<meta property=\"og:type\" content=\"article\" \/>\n<meta property=\"og:title\" content=\"THINNER BID\u00d3N X 5 LTS (Estandar y Sello de Oro) - corvim.com.ar\" \/>\n<meta property=\"og:description\" content=\"El Thinner Standard es de evaporaci\u00f3n muy r\u00e1pida y bien regulada. Permite la aplicaci\u00f3n con soplete de lacas y fondos nitro, selladores nitro, y acabados en general. Cuenta con alto poder de disoluci\u00f3n para contaminantes tales como resinas, aceites, grasas, ceras, etc.  Thinner Sello de Oro, es un thinner compuesto por mezcla de hidrocarburos arom\u00e1ticos, alif\u00e1ticos, y compuestos oxigenados. Exento totalmente de benceno y solventes clorados. Formulado bajo el concepto de Evaporaci\u00f3n Controlada que produce acabados excelentes, perfecto planchado y superficie libre de toda floculaci\u00f3n y flotado de pigmentos.  Permite obtener excelentes resultados con lacas acr\u00edlicas y Nitrosint\u00e9ticas. Apto tambi\u00e9n para utilizar con esmaltes sint\u00e9ticos, lacas nitro, lacas poli\u00e9ster, Primers 1K y Clears y Barnices 1K. Las propiedades del Thinner Oro, resaltan al aplicar clears acr\u00edlicos o lacas de colores dif\u00edciles como negros intensos o metalizados.\" \/>\n<meta property=\"og:url\" content=\"https:\/\/corvim.com.ar\/index.php\/product\/thinner-bidon-x-5-lts-standar-y-sello-de-oro\/\" \/>\n<meta property=\"og:site_name\" content=\"corvim.com.ar\" \/>\n<meta property=\"article:modified_time\" content=\"2025-08-30T14:51:12+00:00\" \/>\n<meta property=\"og:image\" content=\"http:\/\/corvim.com.ar\/wp-content\/uploads\/2021\/11\/THINER-Photoroom-89.jpg\" \/>\n\t<meta property=\"og:image:width\" content=\"600\" \/>\n\t<meta property=\"og:image:height\" content=\"592\" \/>\n\t<meta property=\"og:image:type\" content=\"image\/jpeg\" \/>\n<meta name=\"twitter:card\" content=\"summary_large_image\" \/>\n<meta name=\"twitter:label1\" content=\"Tiempo de lectura\" \/>\n\t<meta name=\"twitter:data1\" content=\"1 minuto\" \/>\n<script type=\"application\/ld+json\" class=\"yoast-schema-graph\">{\"@context\":\"https:\\\/\\\/schema.org\",\"@graph\":[{\"@type\":\"WebPage\",\"@id\":\"https:\\\/\\\/corvim.com.ar\\\/index.php\\\/product\\\/thinner-bidon-x-5-lts-standar-y-sello-de-oro\\\/\",\"url\":\"https:\\\/\\\/corvim.com.ar\\\/index.php\\\/product\\\/thinner-bidon-x-5-lts-standar-y-sello-de-oro\\\/\",\"name\":\"THINNER BID\u00d3N X 5 LTS (Estandar y Sello de Oro) - corvim.com.ar\",\"isPartOf\":{\"@id\":\"https:\\\/\\\/corvim.com.ar\\\/#website\"},\"primaryImageOfPage\":{\"@id\":\"https:\\\/\\\/corvim.com.ar\\\/index.php\\\/product\\\/thinner-bidon-x-5-lts-standar-y-sello-de-oro\\\/#primaryimage\"},\"image\":{\"@id\":\"https:\\\/\\\/corvim.com.ar\\\/index.php\\\/product\\\/thinner-bidon-x-5-lts-standar-y-sello-de-oro\\\/#primaryimage\"},\"thumbnailUrl\":\"https:\\\/\\\/corvim.com.ar\\\/wp-content\\\/uploads\\\/2021\\\/11\\\/THINER-Photoroom-89.jpg\",\"datePublished\":\"2021-11-17T13:07:18+00:00\",\"dateModified\":\"2025-08-30T14:51:12+00:00\",\"breadcrumb\":{\"@id\":\"https:\\\/\\\/corvim.com.ar\\\/index.php\\\/product\\\/thinner-bidon-x-5-lts-standar-y-sello-de-oro\\\/#breadcrumb\"},\"inLanguage\":\"es\",\"potentialAction\":[{\"@type\":\"ReadAction\",\"target\":[\"https:\\\/\\\/corvim.com.ar\\\/index.php\\\/product\\\/thinner-bidon-x-5-lts-standar-y-sello-de-oro\\\/\"]}]},{\"@type\":\"ImageObject\",\"inLanguage\":\"es\",\"@id\":\"https:\\\/\\\/corvim.com.ar\\\/index.php\\\/product\\\/thinner-bidon-x-5-lts-standar-y-sello-de-oro\\\/#primaryimage\",\"url\":\"https:\\\/\\\/corvim.com.ar\\\/wp-content\\\/uploads\\\/2021\\\/11\\\/THINER-Photoroom-89.jpg\",\"contentUrl\":\"https:\\\/\\\/corvim.com.ar\\\/wp-content\\\/uploads\\\/2021\\\/11\\\/THINER-Photoroom-89.jpg\",\"width\":600,\"height\":592},{\"@type\":\"BreadcrumbList\",\"@id\":\"https:\\\/\\\/corvim.com.ar\\\/index.php\\\/product\\\/thinner-bidon-x-5-lts-standar-y-sello-de-oro\\\/#breadcrumb\",\"itemListElement\":[{\"@type\":\"ListItem\",\"position\":1,\"name\":\"Portada\",\"item\":\"https:\\\/\\\/corvim.com.ar\\\/\"},{\"@type\":\"ListItem\",\"position\":2,\"name\":\"Productos\",\"item\":\"https:\\\/\\\/corvim.com.ar\\\/index.php\\\/shop\\\/\"},{\"@type\":\"ListItem\",\"position\":3,\"name\":\"THINNER BID\u00d3N X 5 LTS (Estandar y Sello de Oro)\"}]},{\"@type\":\"WebSite\",\"@id\":\"https:\\\/\\\/corvim.com.ar\\\/#website\",\"url\":\"https:\\\/\\\/corvim.com.ar\\\/\",\"name\":\"corvim.com.ar\",\"description\":\"\",\"publisher\":{\"@id\":\"https:\\\/\\\/corvim.com.ar\\\/#organization\"},\"potentialAction\":[{\"@type\":\"SearchAction\",\"target\":{\"@type\":\"EntryPoint\",\"urlTemplate\":\"https:\\\/\\\/corvim.com.ar\\\/?s={search_term_string}\"},\"query-input\":{\"@type\":\"PropertyValueSpecification\",\"valueRequired\":true,\"valueName\":\"search_term_string\"}}],\"inLanguage\":\"es\"},{\"@type\":\"Organization\",\"@id\":\"https:\\\/\\\/corvim.com.ar\\\/#organization\",\"name\":\"corvim.com.ar\",\"url\":\"https:\\\/\\\/corvim.com.ar\\\/\",\"logo\":{\"@type\":\"ImageObject\",\"inLanguage\":\"es\",\"@id\":\"https:\\\/\\\/corvim.com.ar\\\/#\\\/schema\\\/logo\\\/image\\\/\",\"url\":\"https:\\\/\\\/corvim.com.ar\\\/wp-content\\\/uploads\\\/2025\\\/06\\\/cropped-logo-corvim.jpg\",\"contentUrl\":\"https:\\\/\\\/corvim.com.ar\\\/wp-content\\\/uploads\\\/2025\\\/06\\\/cropped-logo-corvim.jpg\",\"width\":165,\"height\":84,\"caption\":\"corvim.com.ar\"},\"image\":{\"@id\":\"https:\\\/\\\/corvim.com.ar\\\/#\\\/schema\\\/logo\\\/image\\\/\"}}]}<\/script>\n<!-- \/ Yoast SEO plugin. -->","yoast_head_json":{"title":"THINNER BID\u00d3N X 5 LTS (Estandar y Sello de Oro) - corvim.com.ar","robots":{"index":"index","follow":"follow","max-snippet":"max-snippet:-1","max-image-preview":"max-image-preview:large","max-video-preview":"max-video-preview:-1"},"canonical":"https:\/\/corvim.com.ar\/index.php\/product\/thinner-bidon-x-5-lts-standar-y-sello-de-oro\/","og_locale":"es_ES","og_type":"article","og_title":"THINNER BID\u00d3N X 5 LTS (Estandar y Sello de Oro) - corvim.com.ar","og_description":"El Thinner Standard es de evaporaci\u00f3n muy r\u00e1pida y bien regulada. Permite la aplicaci\u00f3n con soplete de lacas y fondos nitro, selladores nitro, y acabados en general. Cuenta con alto poder de disoluci\u00f3n para contaminantes tales como resinas, aceites, grasas, ceras, etc.  Thinner Sello de Oro, es un thinner compuesto por mezcla de hidrocarburos arom\u00e1ticos, alif\u00e1ticos, y compuestos oxigenados. Exento totalmente de benceno y solventes clorados. Formulado bajo el concepto de Evaporaci\u00f3n Controlada que produce acabados excelentes, perfecto planchado y superficie libre de toda floculaci\u00f3n y flotado de pigmentos.  Permite obtener excelentes resultados con lacas acr\u00edlicas y Nitrosint\u00e9ticas. Apto tambi\u00e9n para utilizar con esmaltes sint\u00e9ticos, lacas nitro, lacas poli\u00e9ster, Primers 1K y Clears y Barnices 1K. Las propiedades del Thinner Oro, resaltan al aplicar clears acr\u00edlicos o lacas de colores dif\u00edciles como negros intensos o metalizados.","og_url":"https:\/\/corvim.com.ar\/index.php\/product\/thinner-bidon-x-5-lts-standar-y-sello-de-oro\/","og_site_name":"corvim.com.ar","article_modified_time":"2025-08-30T14:51:12+00:00","og_image":[{"width":600,"height":592,"url":"http:\/\/corvim.com.ar\/wp-content\/uploads\/2021\/11\/THINER-Photoroom-89.jpg","type":"image\/jpeg"}],"twitter_card":"summary_large_image","twitter_misc":{"Tiempo de lectura":"1 minuto"},"schema":{"@context":"https:\/\/schema.org","@graph":[{"@type":"WebPage","@id":"https:\/\/corvim.com.ar\/index.php\/product\/thinner-bidon-x-5-lts-standar-y-sello-de-oro\/","url":"https:\/\/corvim.com.ar\/index.php\/product\/thinner-bidon-x-5-lts-standar-y-sello-de-oro\/","name":"THINNER BID\u00d3N X 5 LTS (Estandar y Sello de Oro) - corvim.com.ar","isPartOf":{"@id":"https:\/\/corvim.com.ar\/#website"},"primaryImageOfPage":{"@id":"https:\/\/corvim.com.ar\/index.php\/product\/thinner-bidon-x-5-lts-standar-y-sello-de-oro\/#primaryimage"},"image":{"@id":"https:\/\/corvim.com.ar\/index.php\/product\/thinner-bidon-x-5-lts-standar-y-sello-de-oro\/#primaryimage"},"thumbnailUrl":"https:\/\/corvim.com.ar\/wp-content\/uploads\/2021\/11\/THINER-Photoroom-89.jpg","datePublished":"2021-11-17T13:07:18+00:00","dateModified":"2025-08-30T14:51:12+00:00","breadcrumb":{"@id":"https:\/\/corvim.com.ar\/index.php\/product\/thinner-bidon-x-5-lts-standar-y-sello-de-oro\/#breadcrumb"},"inLanguage":"es","potentialAction":[{"@type":"ReadAction","target":["https:\/\/corvim.com.ar\/index.php\/product\/thinner-bidon-x-5-lts-standar-y-sello-de-oro\/"]}]},{"@type":"ImageObject","inLanguage":"es","@id":"https:\/\/corvim.com.ar\/index.php\/product\/thinner-bidon-x-5-lts-standar-y-sello-de-oro\/#primaryimage","url":"https:\/\/corvim.com.ar\/wp-content\/uploads\/2021\/11\/THINER-Photoroom-89.jpg","contentUrl":"https:\/\/corvim.com.ar\/wp-content\/uploads\/2021\/11\/THINER-Photoroom-89.jpg","width":600,"height":592},{"@type":"BreadcrumbList","@id":"https:\/\/corvim.com.ar\/index.php\/product\/thinner-bidon-x-5-lts-standar-y-sello-de-oro\/#breadcrumb","itemListElement":[{"@type":"ListItem","position":1,"name":"Portada","item":"https:\/\/corvim.com.ar\/"},{"@type":"ListItem","position":2,"name":"Productos","item":"https:\/\/corvim.com.ar\/index.php\/shop\/"},{"@type":"ListItem","position":3,"name":"THINNER BID\u00d3N X 5 LTS (Estandar y Sello de Oro)"}]},{"@type":"WebSite","@id":"https:\/\/corvim.com.ar\/#website","url":"https:\/\/corvim.com.ar\/","name":"corvim.com.ar","description":"","publisher":{"@id":"https:\/\/corvim.com.ar\/#organization"},"potentialAction":[{"@type":"SearchAction","target":{"@type":"EntryPoint","urlTemplate":"https:\/\/corvim.com.ar\/?s={search_term_string}"},"query-input":{"@type":"PropertyValueSpecification","valueRequired":true,"valueName":"search_term_string"}}],"inLanguage":"es"},{"@type":"Organization","@id":"https:\/\/corvim.com.ar\/#organization","name":"corvim.com.ar","url":"https:\/\/corvim.com.ar\/","logo":{"@type":"ImageObject","inLanguage":"es","@id":"https:\/\/corvim.com.ar\/#\/schema\/logo\/image\/","url":"https:\/\/corvim.com.ar\/wp-content\/uploads\/2025\/06\/cropped-logo-corvim.jpg","contentUrl":"https:\/\/corvim.com.ar\/wp-content\/uploads\/2025\/06\/cropped-logo-corvim.jpg","width":165,"height":84,"caption":"corvim.com.ar"},"image":{"@id":"https:\/\/corvim.com.ar\/#\/schema\/logo\/image\/"}}]}},"_links":{"self":[{"href":"https:\/\/corvim.com.ar\/index.php\/wp-json\/wp\/v2\/product\/669","targetHints":{"allow":["GET"]}}],"collection":[{"href":"https:\/\/corvim.com.ar\/index.php\/wp-json\/wp\/v2\/product"}],"about":[{"href":"https:\/\/corvim.com.ar\/index.php\/wp-json\/wp\/v2\/types\/product"}],"version-history":[{"count":2,"href":"https:\/\/corvim.com.ar\/index.php\/wp-json\/wp\/v2\/product\/669\/revisions"}],"predecessor-version":[{"id":2953,"href":"https:\/\/corvim.com.ar\/index.php\/wp-json\/wp\/v2\/product\/669\/revisions\/2953"}],"wp:featuredmedia":[{"embeddable":true,"href":"https:\/\/corvim.com.ar\/index.php\/wp-json\/wp\/v2\/media\/2952"}],"wp:attachment":[{"href":"https:\/\/corvim.com.ar\/index.php\/wp-json\/wp\/v2\/media?parent=669"}],"wp:term":[{"taxonomy":"product_brand","embeddable":true,"href":"https:\/\/corvim.com.ar\/index.php\/wp-json\/wp\/v2\/product_brand?post=669"},{"taxonomy":"product_cat","embeddable":true,"href":"https:\/\/corvim.com.ar\/index.php\/wp-json\/wp\/v2\/product_cat?post=669"},{"taxonomy":"product_tag","embeddable":true,"href":"https:\/\/corvim.com.ar\/index.php\/wp-json\/wp\/v2\/product_tag?post=669"}],"curies":[{"name":"wp","href":"https:\/\/api.w.org\/{rel}","templated":true}]}}