{"id":650,"date":"2021-11-10T13:38:26","date_gmt":"2021-11-10T16:38:26","guid":{"rendered":"https:\/\/corvim.com.ar\/?post_type=product&#038;p=650"},"modified":"2025-05-27T17:30:36","modified_gmt":"2025-05-27T20:30:36","slug":"masilla-zeocar-finish-x-1-kg-25-kg-4-kg","status":"publish","type":"product","link":"https:\/\/corvim.com.ar\/index.php\/product\/masilla-zeocar-finish-x-1-kg-25-kg-4-kg\/","title":{"rendered":"MASILLA ZEOCAR FINISH X 1 kg &#8211; 2,5 kg &#8211; 4 kg"},"content":{"rendered":"","protected":false},"excerpt":{"rendered":"<p>Masilla Finish Zeocar<\/p>\n<p>Tama\u00f1os: 10 kg. 2,5 kg y 4 kg.<\/p>\n<p>\u2022 R\u00e1pido endurecimiento \u2013 Al mezclar los componentes en su proporci\u00f3n adecuada el tiempo de secado es r\u00e1pido en comparaci\u00f3n de la masilla a la piroxilina. &#8211;<br \/>\n\u2022 Buen poder de relleno \u2013 Por su buena formulaci\u00f3n tiene gran poder de relleno.-<br \/>\n\u2022 Maleabilidad \u2013 La mezcla est\u00e1 dise\u00f1ada para que tenga muy buen manejo con esp\u00e1tula por su buen corte y reolog\u00eda.-<br \/>\n\u2022 F\u00e1cil de lijar \u2013 Debido a su composici\u00f3n de minerales es blanda para lijar.-<br \/>\n\u2022 Muy baja porosidad \u2013 La mezcla de aditivos y materiales finos permiten que esta masilla casi no le queden poros.-<br \/>\n\u2022 Buena elasticidad \u2013 La mezcla de las distintas resinas utilizadas y excelente estructura que le da la buena elasticidad.-<br \/>\n\u2022 Versatilidad \u2013 Se puede aplicar en distintos tipos de sustratos, como por ejemplo Chapas de acero, laminados de pl\u00e1sticos reforzados, Maderas, aglomerados, fibrocemento, etc\u2026. &#8211;<\/p>\n","protected":false},"featured_media":793,"template":"","meta":[],"product_brand":[],"product_cat":[134],"product_tag":[90],"class_list":{"0":"post-650","1":"product","2":"type-product","3":"status-publish","4":"has-post-thumbnail","6":"product_cat-otros-productos-linea-industria-autos","7":"product_tag-zeocar","9":"first","10":"instock","11":"shipping-taxable","12":"purchasable","13":"product-type-simple"},"aioseo_notices":[],"yoast_head":"<!-- This site is optimized with the Yoast SEO plugin v27.5 - https:\/\/yoast.com\/product\/yoast-seo-wordpress\/ -->\n<title>MASILLA ZEOCAR FINISH X 1 kg - 2,5 kg - 4 kg - corvim.com.ar<\/title>\n<meta name=\"robots\" content=\"index, follow, max-snippet:-1, max-image-preview:large, max-video-preview:-1\" \/>\n<link rel=\"canonical\" href=\"https:\/\/corvim.com.ar\/index.php\/product\/masilla-zeocar-finish-x-1-kg-25-kg-4-kg\/\" \/>\n<meta property=\"og:locale\" content=\"es_ES\" \/>\n<meta property=\"og:type\" content=\"article\" \/>\n<meta property=\"og:title\" content=\"MASILLA ZEOCAR FINISH X 1 kg - 2,5 kg - 4 kg - corvim.com.ar\" \/>\n<meta property=\"og:description\" content=\"Masilla Finish Zeocar  Tama\u00f1os: 10 kg. 2,5 kg y 4 kg.  \u2022 R\u00e1pido endurecimiento \u2013 Al mezclar los componentes en su proporci\u00f3n adecuada el tiempo de secado es r\u00e1pido en comparaci\u00f3n de la masilla a la piroxilina. - \u2022 Buen poder de relleno \u2013 Por su buena formulaci\u00f3n tiene gran poder de relleno.- \u2022 Maleabilidad \u2013 La mezcla est\u00e1 dise\u00f1ada para que tenga muy buen manejo con esp\u00e1tula por su buen corte y reolog\u00eda.- \u2022 F\u00e1cil de lijar \u2013 Debido a su composici\u00f3n de minerales es blanda para lijar.- \u2022 Muy baja porosidad \u2013 La mezcla de aditivos y materiales finos permiten que esta masilla casi no le queden poros.- \u2022 Buena elasticidad \u2013 La mezcla de las distintas resinas utilizadas y excelente estructura que le da la buena elasticidad.- \u2022 Versatilidad \u2013 Se puede aplicar en distintos tipos de sustratos, como por ejemplo Chapas de acero, laminados de pl\u00e1sticos reforzados, Maderas, aglomerados, fibrocemento, etc\u2026. -\" \/>\n<meta property=\"og:url\" content=\"https:\/\/corvim.com.ar\/index.php\/product\/masilla-zeocar-finish-x-1-kg-25-kg-4-kg\/\" \/>\n<meta property=\"og:site_name\" content=\"corvim.com.ar\" \/>\n<meta property=\"article:modified_time\" content=\"2025-05-27T20:30:36+00:00\" \/>\n<meta property=\"og:image\" content=\"http:\/\/corvim.com.ar\/wp-content\/uploads\/2021\/11\/corvim-106-2.jpg\" \/>\n\t<meta property=\"og:image:width\" content=\"600\" \/>\n\t<meta property=\"og:image:height\" content=\"600\" \/>\n\t<meta property=\"og:image:type\" content=\"image\/jpeg\" \/>\n<meta name=\"twitter:card\" content=\"summary_large_image\" \/>\n<script type=\"application\/ld+json\" class=\"yoast-schema-graph\">{\"@context\":\"https:\\\/\\\/schema.org\",\"@graph\":[{\"@type\":\"WebPage\",\"@id\":\"https:\\\/\\\/corvim.com.ar\\\/index.php\\\/product\\\/masilla-zeocar-finish-x-1-kg-25-kg-4-kg\\\/\",\"url\":\"https:\\\/\\\/corvim.com.ar\\\/index.php\\\/product\\\/masilla-zeocar-finish-x-1-kg-25-kg-4-kg\\\/\",\"name\":\"MASILLA ZEOCAR FINISH X 1 kg - 2,5 kg - 4 kg - corvim.com.ar\",\"isPartOf\":{\"@id\":\"https:\\\/\\\/corvim.com.ar\\\/#website\"},\"primaryImageOfPage\":{\"@id\":\"https:\\\/\\\/corvim.com.ar\\\/index.php\\\/product\\\/masilla-zeocar-finish-x-1-kg-25-kg-4-kg\\\/#primaryimage\"},\"image\":{\"@id\":\"https:\\\/\\\/corvim.com.ar\\\/index.php\\\/product\\\/masilla-zeocar-finish-x-1-kg-25-kg-4-kg\\\/#primaryimage\"},\"thumbnailUrl\":\"https:\\\/\\\/corvim.com.ar\\\/wp-content\\\/uploads\\\/2021\\\/11\\\/corvim-106-2.jpg\",\"datePublished\":\"2021-11-10T16:38:26+00:00\",\"dateModified\":\"2025-05-27T20:30:36+00:00\",\"breadcrumb\":{\"@id\":\"https:\\\/\\\/corvim.com.ar\\\/index.php\\\/product\\\/masilla-zeocar-finish-x-1-kg-25-kg-4-kg\\\/#breadcrumb\"},\"inLanguage\":\"es\",\"potentialAction\":[{\"@type\":\"ReadAction\",\"target\":[\"https:\\\/\\\/corvim.com.ar\\\/index.php\\\/product\\\/masilla-zeocar-finish-x-1-kg-25-kg-4-kg\\\/\"]}]},{\"@type\":\"ImageObject\",\"inLanguage\":\"es\",\"@id\":\"https:\\\/\\\/corvim.com.ar\\\/index.php\\\/product\\\/masilla-zeocar-finish-x-1-kg-25-kg-4-kg\\\/#primaryimage\",\"url\":\"https:\\\/\\\/corvim.com.ar\\\/wp-content\\\/uploads\\\/2021\\\/11\\\/corvim-106-2.jpg\",\"contentUrl\":\"https:\\\/\\\/corvim.com.ar\\\/wp-content\\\/uploads\\\/2021\\\/11\\\/corvim-106-2.jpg\",\"width\":600,\"height\":600},{\"@type\":\"BreadcrumbList\",\"@id\":\"https:\\\/\\\/corvim.com.ar\\\/index.php\\\/product\\\/masilla-zeocar-finish-x-1-kg-25-kg-4-kg\\\/#breadcrumb\",\"itemListElement\":[{\"@type\":\"ListItem\",\"position\":1,\"name\":\"Portada\",\"item\":\"https:\\\/\\\/corvim.com.ar\\\/\"},{\"@type\":\"ListItem\",\"position\":2,\"name\":\"Productos\",\"item\":\"https:\\\/\\\/corvim.com.ar\\\/index.php\\\/shop\\\/\"},{\"@type\":\"ListItem\",\"position\":3,\"name\":\"MASILLA ZEOCAR FINISH X 1 kg &#8211; 2,5 kg &#8211; 4 kg\"}]},{\"@type\":\"WebSite\",\"@id\":\"https:\\\/\\\/corvim.com.ar\\\/#website\",\"url\":\"https:\\\/\\\/corvim.com.ar\\\/\",\"name\":\"corvim.com.ar\",\"description\":\"\",\"publisher\":{\"@id\":\"https:\\\/\\\/corvim.com.ar\\\/#organization\"},\"potentialAction\":[{\"@type\":\"SearchAction\",\"target\":{\"@type\":\"EntryPoint\",\"urlTemplate\":\"https:\\\/\\\/corvim.com.ar\\\/?s={search_term_string}\"},\"query-input\":{\"@type\":\"PropertyValueSpecification\",\"valueRequired\":true,\"valueName\":\"search_term_string\"}}],\"inLanguage\":\"es\"},{\"@type\":\"Organization\",\"@id\":\"https:\\\/\\\/corvim.com.ar\\\/#organization\",\"name\":\"corvim.com.ar\",\"url\":\"https:\\\/\\\/corvim.com.ar\\\/\",\"logo\":{\"@type\":\"ImageObject\",\"inLanguage\":\"es\",\"@id\":\"https:\\\/\\\/corvim.com.ar\\\/#\\\/schema\\\/logo\\\/image\\\/\",\"url\":\"https:\\\/\\\/corvim.com.ar\\\/wp-content\\\/uploads\\\/2025\\\/06\\\/cropped-logo-corvim.jpg\",\"contentUrl\":\"https:\\\/\\\/corvim.com.ar\\\/wp-content\\\/uploads\\\/2025\\\/06\\\/cropped-logo-corvim.jpg\",\"width\":165,\"height\":84,\"caption\":\"corvim.com.ar\"},\"image\":{\"@id\":\"https:\\\/\\\/corvim.com.ar\\\/#\\\/schema\\\/logo\\\/image\\\/\"}}]}<\/script>\n<!-- \/ Yoast SEO plugin. -->","yoast_head_json":{"title":"MASILLA ZEOCAR FINISH X 1 kg - 2,5 kg - 4 kg - corvim.com.ar","robots":{"index":"index","follow":"follow","max-snippet":"max-snippet:-1","max-image-preview":"max-image-preview:large","max-video-preview":"max-video-preview:-1"},"canonical":"https:\/\/corvim.com.ar\/index.php\/product\/masilla-zeocar-finish-x-1-kg-25-kg-4-kg\/","og_locale":"es_ES","og_type":"article","og_title":"MASILLA ZEOCAR FINISH X 1 kg - 2,5 kg - 4 kg - corvim.com.ar","og_description":"Masilla Finish Zeocar  Tama\u00f1os: 10 kg. 2,5 kg y 4 kg.  \u2022 R\u00e1pido endurecimiento \u2013 Al mezclar los componentes en su proporci\u00f3n adecuada el tiempo de secado es r\u00e1pido en comparaci\u00f3n de la masilla a la piroxilina. - \u2022 Buen poder de relleno \u2013 Por su buena formulaci\u00f3n tiene gran poder de relleno.- \u2022 Maleabilidad \u2013 La mezcla est\u00e1 dise\u00f1ada para que tenga muy buen manejo con esp\u00e1tula por su buen corte y reolog\u00eda.- \u2022 F\u00e1cil de lijar \u2013 Debido a su composici\u00f3n de minerales es blanda para lijar.- \u2022 Muy baja porosidad \u2013 La mezcla de aditivos y materiales finos permiten que esta masilla casi no le queden poros.- \u2022 Buena elasticidad \u2013 La mezcla de las distintas resinas utilizadas y excelente estructura que le da la buena elasticidad.- \u2022 Versatilidad \u2013 Se puede aplicar en distintos tipos de sustratos, como por ejemplo Chapas de acero, laminados de pl\u00e1sticos reforzados, Maderas, aglomerados, fibrocemento, etc\u2026. -","og_url":"https:\/\/corvim.com.ar\/index.php\/product\/masilla-zeocar-finish-x-1-kg-25-kg-4-kg\/","og_site_name":"corvim.com.ar","article_modified_time":"2025-05-27T20:30:36+00:00","og_image":[{"width":600,"height":600,"url":"http:\/\/corvim.com.ar\/wp-content\/uploads\/2021\/11\/corvim-106-2.jpg","type":"image\/jpeg"}],"twitter_card":"summary_large_image","schema":{"@context":"https:\/\/schema.org","@graph":[{"@type":"WebPage","@id":"https:\/\/corvim.com.ar\/index.php\/product\/masilla-zeocar-finish-x-1-kg-25-kg-4-kg\/","url":"https:\/\/corvim.com.ar\/index.php\/product\/masilla-zeocar-finish-x-1-kg-25-kg-4-kg\/","name":"MASILLA ZEOCAR FINISH X 1 kg - 2,5 kg - 4 kg - corvim.com.ar","isPartOf":{"@id":"https:\/\/corvim.com.ar\/#website"},"primaryImageOfPage":{"@id":"https:\/\/corvim.com.ar\/index.php\/product\/masilla-zeocar-finish-x-1-kg-25-kg-4-kg\/#primaryimage"},"image":{"@id":"https:\/\/corvim.com.ar\/index.php\/product\/masilla-zeocar-finish-x-1-kg-25-kg-4-kg\/#primaryimage"},"thumbnailUrl":"https:\/\/corvim.com.ar\/wp-content\/uploads\/2021\/11\/corvim-106-2.jpg","datePublished":"2021-11-10T16:38:26+00:00","dateModified":"2025-05-27T20:30:36+00:00","breadcrumb":{"@id":"https:\/\/corvim.com.ar\/index.php\/product\/masilla-zeocar-finish-x-1-kg-25-kg-4-kg\/#breadcrumb"},"inLanguage":"es","potentialAction":[{"@type":"ReadAction","target":["https:\/\/corvim.com.ar\/index.php\/product\/masilla-zeocar-finish-x-1-kg-25-kg-4-kg\/"]}]},{"@type":"ImageObject","inLanguage":"es","@id":"https:\/\/corvim.com.ar\/index.php\/product\/masilla-zeocar-finish-x-1-kg-25-kg-4-kg\/#primaryimage","url":"https:\/\/corvim.com.ar\/wp-content\/uploads\/2021\/11\/corvim-106-2.jpg","contentUrl":"https:\/\/corvim.com.ar\/wp-content\/uploads\/2021\/11\/corvim-106-2.jpg","width":600,"height":600},{"@type":"BreadcrumbList","@id":"https:\/\/corvim.com.ar\/index.php\/product\/masilla-zeocar-finish-x-1-kg-25-kg-4-kg\/#breadcrumb","itemListElement":[{"@type":"ListItem","position":1,"name":"Portada","item":"https:\/\/corvim.com.ar\/"},{"@type":"ListItem","position":2,"name":"Productos","item":"https:\/\/corvim.com.ar\/index.php\/shop\/"},{"@type":"ListItem","position":3,"name":"MASILLA ZEOCAR FINISH X 1 kg &#8211; 2,5 kg &#8211; 4 kg"}]},{"@type":"WebSite","@id":"https:\/\/corvim.com.ar\/#website","url":"https:\/\/corvim.com.ar\/","name":"corvim.com.ar","description":"","publisher":{"@id":"https:\/\/corvim.com.ar\/#organization"},"potentialAction":[{"@type":"SearchAction","target":{"@type":"EntryPoint","urlTemplate":"https:\/\/corvim.com.ar\/?s={search_term_string}"},"query-input":{"@type":"PropertyValueSpecification","valueRequired":true,"valueName":"search_term_string"}}],"inLanguage":"es"},{"@type":"Organization","@id":"https:\/\/corvim.com.ar\/#organization","name":"corvim.com.ar","url":"https:\/\/corvim.com.ar\/","logo":{"@type":"ImageObject","inLanguage":"es","@id":"https:\/\/corvim.com.ar\/#\/schema\/logo\/image\/","url":"https:\/\/corvim.com.ar\/wp-content\/uploads\/2025\/06\/cropped-logo-corvim.jpg","contentUrl":"https:\/\/corvim.com.ar\/wp-content\/uploads\/2025\/06\/cropped-logo-corvim.jpg","width":165,"height":84,"caption":"corvim.com.ar"},"image":{"@id":"https:\/\/corvim.com.ar\/#\/schema\/logo\/image\/"}}]}},"_links":{"self":[{"href":"https:\/\/corvim.com.ar\/index.php\/wp-json\/wp\/v2\/product\/650","targetHints":{"allow":["GET"]}}],"collection":[{"href":"https:\/\/corvim.com.ar\/index.php\/wp-json\/wp\/v2\/product"}],"about":[{"href":"https:\/\/corvim.com.ar\/index.php\/wp-json\/wp\/v2\/types\/product"}],"version-history":[{"count":1,"href":"https:\/\/corvim.com.ar\/index.php\/wp-json\/wp\/v2\/product\/650\/revisions"}],"predecessor-version":[{"id":659,"href":"https:\/\/corvim.com.ar\/index.php\/wp-json\/wp\/v2\/product\/650\/revisions\/659"}],"wp:featuredmedia":[{"embeddable":true,"href":"https:\/\/corvim.com.ar\/index.php\/wp-json\/wp\/v2\/media\/793"}],"wp:attachment":[{"href":"https:\/\/corvim.com.ar\/index.php\/wp-json\/wp\/v2\/media?parent=650"}],"wp:term":[{"taxonomy":"product_brand","embeddable":true,"href":"https:\/\/corvim.com.ar\/index.php\/wp-json\/wp\/v2\/product_brand?post=650"},{"taxonomy":"product_cat","embeddable":true,"href":"https:\/\/corvim.com.ar\/index.php\/wp-json\/wp\/v2\/product_cat?post=650"},{"taxonomy":"product_tag","embeddable":true,"href":"https:\/\/corvim.com.ar\/index.php\/wp-json\/wp\/v2\/product_tag?post=650"}],"curies":[{"name":"wp","href":"https:\/\/api.w.org\/{rel}","templated":true}]}}