{"id":626,"date":"2021-11-09T18:22:11","date_gmt":"2021-11-09T21:22:11","guid":{"rendered":"https:\/\/corvim.com.ar\/?post_type=product&#038;p=626"},"modified":"2025-09-06T12:33:38","modified_gmt":"2025-09-06T15:33:38","slug":"pintua-fibrada-para-techos","status":"publish","type":"product","link":"https:\/\/corvim.com.ar\/index.php\/product\/pintua-fibrada-para-techos\/","title":{"rendered":"RECUPLAST FIBRADO PARA TECHOS"},"content":{"rendered":"","protected":false},"excerpt":{"rendered":"<p>Recubrimiento acr\u00edlico dilu\u00edble en agua, contiene fibra poli\u00e9ster incorporada al producto otorg\u00e1ndole una alta resistencia al desgarro con caracter\u00edsticas de \u201cmembrana l\u00edquida\u201d. Aplicado en el espesor recomendado y una vez seco forma una pel\u00edcula de gran elasticidad, alta resistencia mec\u00e1nica y a los factores clim\u00e1ticos. Presentaci\u00f3n: \u00a01, 4, 10\u00a0 y 20 lts. Color blanco.<\/p>\n<p>&nbsp;<\/p>\n<p>&nbsp;<\/p>\n","protected":false},"featured_media":3013,"template":"","meta":[],"product_brand":[],"product_cat":[34],"product_tag":[98],"class_list":{"0":"post-626","1":"product","2":"type-product","3":"status-publish","4":"has-post-thumbnail","6":"product_cat-techos","7":"product_tag-recuplast-sinteplast","9":"first","10":"instock","11":"shipping-taxable","12":"purchasable","13":"product-type-simple"},"aioseo_notices":[],"yoast_head":"<!-- This site is optimized with the Yoast SEO plugin v27.5 - https:\/\/yoast.com\/product\/yoast-seo-wordpress\/ -->\n<title>RECUPLAST FIBRADO PARA TECHOS - corvim.com.ar<\/title>\n<meta name=\"robots\" content=\"index, follow, max-snippet:-1, max-image-preview:large, max-video-preview:-1\" \/>\n<link rel=\"canonical\" href=\"https:\/\/corvim.com.ar\/index.php\/product\/pintua-fibrada-para-techos\/\" \/>\n<meta property=\"og:locale\" content=\"es_ES\" \/>\n<meta property=\"og:type\" content=\"article\" \/>\n<meta property=\"og:title\" content=\"RECUPLAST FIBRADO PARA TECHOS - corvim.com.ar\" \/>\n<meta property=\"og:description\" content=\"Recubrimiento acr\u00edlico dilu\u00edble en agua, contiene fibra poli\u00e9ster incorporada al producto otorg\u00e1ndole una alta resistencia al desgarro con caracter\u00edsticas de \u201cmembrana l\u00edquida\u201d. Aplicado en el espesor recomendado y una vez seco forma una pel\u00edcula de gran elasticidad, alta resistencia mec\u00e1nica y a los factores clim\u00e1ticos. Presentaci\u00f3n: \u00a01, 4, 10\u00a0 y 20 lts. Color blanco.  &nbsp;  &nbsp;\" \/>\n<meta property=\"og:url\" content=\"https:\/\/corvim.com.ar\/index.php\/product\/pintua-fibrada-para-techos\/\" \/>\n<meta property=\"og:site_name\" content=\"corvim.com.ar\" \/>\n<meta property=\"article:modified_time\" content=\"2025-09-06T15:33:38+00:00\" \/>\n<meta property=\"og:image\" content=\"http:\/\/corvim.com.ar\/wp-content\/uploads\/2021\/11\/RECUP-FIBRADO-Photoroom-2025-08-30T125358.645.jpg\" \/>\n\t<meta property=\"og:image:width\" content=\"600\" \/>\n\t<meta property=\"og:image:height\" content=\"592\" \/>\n\t<meta property=\"og:image:type\" content=\"image\/jpeg\" \/>\n<meta name=\"twitter:card\" content=\"summary_large_image\" \/>\n<meta name=\"twitter:label1\" content=\"Tiempo de lectura\" \/>\n\t<meta name=\"twitter:data1\" content=\"1 minuto\" \/>\n<script type=\"application\/ld+json\" class=\"yoast-schema-graph\">{\"@context\":\"https:\\\/\\\/schema.org\",\"@graph\":[{\"@type\":\"WebPage\",\"@id\":\"https:\\\/\\\/corvim.com.ar\\\/index.php\\\/product\\\/pintua-fibrada-para-techos\\\/\",\"url\":\"https:\\\/\\\/corvim.com.ar\\\/index.php\\\/product\\\/pintua-fibrada-para-techos\\\/\",\"name\":\"RECUPLAST FIBRADO PARA TECHOS - corvim.com.ar\",\"isPartOf\":{\"@id\":\"https:\\\/\\\/corvim.com.ar\\\/#website\"},\"primaryImageOfPage\":{\"@id\":\"https:\\\/\\\/corvim.com.ar\\\/index.php\\\/product\\\/pintua-fibrada-para-techos\\\/#primaryimage\"},\"image\":{\"@id\":\"https:\\\/\\\/corvim.com.ar\\\/index.php\\\/product\\\/pintua-fibrada-para-techos\\\/#primaryimage\"},\"thumbnailUrl\":\"https:\\\/\\\/corvim.com.ar\\\/wp-content\\\/uploads\\\/2021\\\/11\\\/RECUP-FIBRADO-Photoroom-2025-08-30T125358.645.jpg\",\"datePublished\":\"2021-11-09T21:22:11+00:00\",\"dateModified\":\"2025-09-06T15:33:38+00:00\",\"breadcrumb\":{\"@id\":\"https:\\\/\\\/corvim.com.ar\\\/index.php\\\/product\\\/pintua-fibrada-para-techos\\\/#breadcrumb\"},\"inLanguage\":\"es\",\"potentialAction\":[{\"@type\":\"ReadAction\",\"target\":[\"https:\\\/\\\/corvim.com.ar\\\/index.php\\\/product\\\/pintua-fibrada-para-techos\\\/\"]}]},{\"@type\":\"ImageObject\",\"inLanguage\":\"es\",\"@id\":\"https:\\\/\\\/corvim.com.ar\\\/index.php\\\/product\\\/pintua-fibrada-para-techos\\\/#primaryimage\",\"url\":\"https:\\\/\\\/corvim.com.ar\\\/wp-content\\\/uploads\\\/2021\\\/11\\\/RECUP-FIBRADO-Photoroom-2025-08-30T125358.645.jpg\",\"contentUrl\":\"https:\\\/\\\/corvim.com.ar\\\/wp-content\\\/uploads\\\/2021\\\/11\\\/RECUP-FIBRADO-Photoroom-2025-08-30T125358.645.jpg\",\"width\":600,\"height\":592},{\"@type\":\"BreadcrumbList\",\"@id\":\"https:\\\/\\\/corvim.com.ar\\\/index.php\\\/product\\\/pintua-fibrada-para-techos\\\/#breadcrumb\",\"itemListElement\":[{\"@type\":\"ListItem\",\"position\":1,\"name\":\"Portada\",\"item\":\"https:\\\/\\\/corvim.com.ar\\\/\"},{\"@type\":\"ListItem\",\"position\":2,\"name\":\"Productos\",\"item\":\"https:\\\/\\\/corvim.com.ar\\\/index.php\\\/shop\\\/\"},{\"@type\":\"ListItem\",\"position\":3,\"name\":\"RECUPLAST FIBRADO PARA TECHOS\"}]},{\"@type\":\"WebSite\",\"@id\":\"https:\\\/\\\/corvim.com.ar\\\/#website\",\"url\":\"https:\\\/\\\/corvim.com.ar\\\/\",\"name\":\"corvim.com.ar\",\"description\":\"\",\"publisher\":{\"@id\":\"https:\\\/\\\/corvim.com.ar\\\/#organization\"},\"potentialAction\":[{\"@type\":\"SearchAction\",\"target\":{\"@type\":\"EntryPoint\",\"urlTemplate\":\"https:\\\/\\\/corvim.com.ar\\\/?s={search_term_string}\"},\"query-input\":{\"@type\":\"PropertyValueSpecification\",\"valueRequired\":true,\"valueName\":\"search_term_string\"}}],\"inLanguage\":\"es\"},{\"@type\":\"Organization\",\"@id\":\"https:\\\/\\\/corvim.com.ar\\\/#organization\",\"name\":\"corvim.com.ar\",\"url\":\"https:\\\/\\\/corvim.com.ar\\\/\",\"logo\":{\"@type\":\"ImageObject\",\"inLanguage\":\"es\",\"@id\":\"https:\\\/\\\/corvim.com.ar\\\/#\\\/schema\\\/logo\\\/image\\\/\",\"url\":\"https:\\\/\\\/corvim.com.ar\\\/wp-content\\\/uploads\\\/2025\\\/06\\\/cropped-logo-corvim.jpg\",\"contentUrl\":\"https:\\\/\\\/corvim.com.ar\\\/wp-content\\\/uploads\\\/2025\\\/06\\\/cropped-logo-corvim.jpg\",\"width\":165,\"height\":84,\"caption\":\"corvim.com.ar\"},\"image\":{\"@id\":\"https:\\\/\\\/corvim.com.ar\\\/#\\\/schema\\\/logo\\\/image\\\/\"}}]}<\/script>\n<!-- \/ Yoast SEO plugin. -->","yoast_head_json":{"title":"RECUPLAST FIBRADO PARA TECHOS - corvim.com.ar","robots":{"index":"index","follow":"follow","max-snippet":"max-snippet:-1","max-image-preview":"max-image-preview:large","max-video-preview":"max-video-preview:-1"},"canonical":"https:\/\/corvim.com.ar\/index.php\/product\/pintua-fibrada-para-techos\/","og_locale":"es_ES","og_type":"article","og_title":"RECUPLAST FIBRADO PARA TECHOS - corvim.com.ar","og_description":"Recubrimiento acr\u00edlico dilu\u00edble en agua, contiene fibra poli\u00e9ster incorporada al producto otorg\u00e1ndole una alta resistencia al desgarro con caracter\u00edsticas de \u201cmembrana l\u00edquida\u201d. Aplicado en el espesor recomendado y una vez seco forma una pel\u00edcula de gran elasticidad, alta resistencia mec\u00e1nica y a los factores clim\u00e1ticos. Presentaci\u00f3n: \u00a01, 4, 10\u00a0 y 20 lts. Color blanco.  &nbsp;  &nbsp;","og_url":"https:\/\/corvim.com.ar\/index.php\/product\/pintua-fibrada-para-techos\/","og_site_name":"corvim.com.ar","article_modified_time":"2025-09-06T15:33:38+00:00","og_image":[{"width":600,"height":592,"url":"http:\/\/corvim.com.ar\/wp-content\/uploads\/2021\/11\/RECUP-FIBRADO-Photoroom-2025-08-30T125358.645.jpg","type":"image\/jpeg"}],"twitter_card":"summary_large_image","twitter_misc":{"Tiempo de lectura":"1 minuto"},"schema":{"@context":"https:\/\/schema.org","@graph":[{"@type":"WebPage","@id":"https:\/\/corvim.com.ar\/index.php\/product\/pintua-fibrada-para-techos\/","url":"https:\/\/corvim.com.ar\/index.php\/product\/pintua-fibrada-para-techos\/","name":"RECUPLAST FIBRADO PARA TECHOS - corvim.com.ar","isPartOf":{"@id":"https:\/\/corvim.com.ar\/#website"},"primaryImageOfPage":{"@id":"https:\/\/corvim.com.ar\/index.php\/product\/pintua-fibrada-para-techos\/#primaryimage"},"image":{"@id":"https:\/\/corvim.com.ar\/index.php\/product\/pintua-fibrada-para-techos\/#primaryimage"},"thumbnailUrl":"https:\/\/corvim.com.ar\/wp-content\/uploads\/2021\/11\/RECUP-FIBRADO-Photoroom-2025-08-30T125358.645.jpg","datePublished":"2021-11-09T21:22:11+00:00","dateModified":"2025-09-06T15:33:38+00:00","breadcrumb":{"@id":"https:\/\/corvim.com.ar\/index.php\/product\/pintua-fibrada-para-techos\/#breadcrumb"},"inLanguage":"es","potentialAction":[{"@type":"ReadAction","target":["https:\/\/corvim.com.ar\/index.php\/product\/pintua-fibrada-para-techos\/"]}]},{"@type":"ImageObject","inLanguage":"es","@id":"https:\/\/corvim.com.ar\/index.php\/product\/pintua-fibrada-para-techos\/#primaryimage","url":"https:\/\/corvim.com.ar\/wp-content\/uploads\/2021\/11\/RECUP-FIBRADO-Photoroom-2025-08-30T125358.645.jpg","contentUrl":"https:\/\/corvim.com.ar\/wp-content\/uploads\/2021\/11\/RECUP-FIBRADO-Photoroom-2025-08-30T125358.645.jpg","width":600,"height":592},{"@type":"BreadcrumbList","@id":"https:\/\/corvim.com.ar\/index.php\/product\/pintua-fibrada-para-techos\/#breadcrumb","itemListElement":[{"@type":"ListItem","position":1,"name":"Portada","item":"https:\/\/corvim.com.ar\/"},{"@type":"ListItem","position":2,"name":"Productos","item":"https:\/\/corvim.com.ar\/index.php\/shop\/"},{"@type":"ListItem","position":3,"name":"RECUPLAST FIBRADO PARA TECHOS"}]},{"@type":"WebSite","@id":"https:\/\/corvim.com.ar\/#website","url":"https:\/\/corvim.com.ar\/","name":"corvim.com.ar","description":"","publisher":{"@id":"https:\/\/corvim.com.ar\/#organization"},"potentialAction":[{"@type":"SearchAction","target":{"@type":"EntryPoint","urlTemplate":"https:\/\/corvim.com.ar\/?s={search_term_string}"},"query-input":{"@type":"PropertyValueSpecification","valueRequired":true,"valueName":"search_term_string"}}],"inLanguage":"es"},{"@type":"Organization","@id":"https:\/\/corvim.com.ar\/#organization","name":"corvim.com.ar","url":"https:\/\/corvim.com.ar\/","logo":{"@type":"ImageObject","inLanguage":"es","@id":"https:\/\/corvim.com.ar\/#\/schema\/logo\/image\/","url":"https:\/\/corvim.com.ar\/wp-content\/uploads\/2025\/06\/cropped-logo-corvim.jpg","contentUrl":"https:\/\/corvim.com.ar\/wp-content\/uploads\/2025\/06\/cropped-logo-corvim.jpg","width":165,"height":84,"caption":"corvim.com.ar"},"image":{"@id":"https:\/\/corvim.com.ar\/#\/schema\/logo\/image\/"}}]}},"_links":{"self":[{"href":"https:\/\/corvim.com.ar\/index.php\/wp-json\/wp\/v2\/product\/626","targetHints":{"allow":["GET"]}}],"collection":[{"href":"https:\/\/corvim.com.ar\/index.php\/wp-json\/wp\/v2\/product"}],"about":[{"href":"https:\/\/corvim.com.ar\/index.php\/wp-json\/wp\/v2\/types\/product"}],"version-history":[{"count":4,"href":"https:\/\/corvim.com.ar\/index.php\/wp-json\/wp\/v2\/product\/626\/revisions"}],"predecessor-version":[{"id":3087,"href":"https:\/\/corvim.com.ar\/index.php\/wp-json\/wp\/v2\/product\/626\/revisions\/3087"}],"wp:featuredmedia":[{"embeddable":true,"href":"https:\/\/corvim.com.ar\/index.php\/wp-json\/wp\/v2\/media\/3013"}],"wp:attachment":[{"href":"https:\/\/corvim.com.ar\/index.php\/wp-json\/wp\/v2\/media?parent=626"}],"wp:term":[{"taxonomy":"product_brand","embeddable":true,"href":"https:\/\/corvim.com.ar\/index.php\/wp-json\/wp\/v2\/product_brand?post=626"},{"taxonomy":"product_cat","embeddable":true,"href":"https:\/\/corvim.com.ar\/index.php\/wp-json\/wp\/v2\/product_cat?post=626"},{"taxonomy":"product_tag","embeddable":true,"href":"https:\/\/corvim.com.ar\/index.php\/wp-json\/wp\/v2\/product_tag?post=626"}],"curies":[{"name":"wp","href":"https:\/\/api.w.org\/{rel}","templated":true}]}}