{"id":608,"date":"2021-11-06T11:56:50","date_gmt":"2021-11-06T14:56:50","guid":{"rendered":"https:\/\/corvim.com.ar\/?post_type=product&#038;p=608"},"modified":"2025-08-28T11:51:16","modified_gmt":"2025-08-28T14:51:16","slug":"rodillo-de-lana-lumar-profesional","status":"publish","type":"product","link":"https:\/\/corvim.com.ar\/index.php\/product\/rodillo-de-lana-lumar-profesional\/","title":{"rendered":"RODILLO DE LANA LUMAR PROFESIONAL"},"content":{"rendered":"","protected":false},"excerpt":{"rendered":"<h3 class=\"ui-pdp-specs__subtitle\">RODILLO DE LANA LUMAR PROFESIONAL<\/h3>\n<p>&nbsp;<\/p>\n<div class=\"ui-pdp-list ui-pdp-specs__list\">\n<ul>\n<li class=\"ui-pdp-family--REGULAR ui-pdp-list__text\"><span class=\"ui-pdp-color--BLACK ui-pdp-size--XSMALL ui-pdp-family--BOLD\">Material del rodillo<\/span>: 100%\u00a0 Lana natural<\/li>\n<li class=\"ui-pdp-family--REGULAR ui-pdp-list__text\">Garantiza excelentes terminaciones.<\/li>\n<li class=\"ui-pdp-family--REGULAR ui-pdp-list__text\">Recomendado para pinturas l\u00e1tex sobre superficies lisas o rugosas.<\/li>\n<li class=\"ui-pdp-family--REGULAR ui-pdp-list__text\"><span class=\"ui-pdp-color--BLACK ui-pdp-size--XSMALL ui-pdp-family--BOLD\">Material del mango<\/span>: Pl\u00e1stico<\/li>\n<\/ul>\n<ul class=\"ui-pdp-list__wrapper\">\n<li>N\u00fameros: 10, 18, 22<\/li>\n<\/ul>\n<p>Asegura un excelente acabado.<\/p>\n<\/div>\n","protected":false},"featured_media":2707,"template":"","meta":[],"product_brand":[],"product_cat":[64],"product_tag":[95],"class_list":{"0":"post-608","1":"product","2":"type-product","3":"status-publish","4":"has-post-thumbnail","6":"product_cat-accesorios-2","7":"product_tag-lumar","9":"first","10":"instock","11":"shipping-taxable","12":"purchasable","13":"product-type-simple"},"aioseo_notices":[],"yoast_head":"<!-- This site is optimized with the Yoast SEO plugin v27.5 - https:\/\/yoast.com\/product\/yoast-seo-wordpress\/ -->\n<title>RODILLO DE LANA LUMAR PROFESIONAL - corvim.com.ar<\/title>\n<meta name=\"robots\" content=\"index, follow, max-snippet:-1, max-image-preview:large, max-video-preview:-1\" \/>\n<link rel=\"canonical\" href=\"https:\/\/corvim.com.ar\/index.php\/product\/rodillo-de-lana-lumar-profesional\/\" \/>\n<meta property=\"og:locale\" content=\"es_ES\" \/>\n<meta property=\"og:type\" content=\"article\" \/>\n<meta property=\"og:title\" content=\"RODILLO DE LANA LUMAR PROFESIONAL - corvim.com.ar\" \/>\n<meta property=\"og:description\" content=\"RODILLO DE LANA LUMAR PROFESIONAL &nbsp;    Material del rodillo: 100%\u00a0 Lana natural  Garantiza excelentes terminaciones.  Recomendado para pinturas l\u00e1tex sobre superficies lisas o rugosas.  Material del mango: Pl\u00e1stico    N\u00fameros: 10, 18, 22  Asegura un excelente acabado.\" \/>\n<meta property=\"og:url\" content=\"https:\/\/corvim.com.ar\/index.php\/product\/rodillo-de-lana-lumar-profesional\/\" \/>\n<meta property=\"og:site_name\" content=\"corvim.com.ar\" \/>\n<meta property=\"article:modified_time\" content=\"2025-08-28T14:51:16+00:00\" \/>\n<meta property=\"og:image\" content=\"http:\/\/corvim.com.ar\/wp-content\/uploads\/2021\/11\/rod-lumr-prof-Photoroom-11.jpg\" \/>\n\t<meta property=\"og:image:width\" content=\"600\" \/>\n\t<meta property=\"og:image:height\" content=\"592\" \/>\n\t<meta property=\"og:image:type\" content=\"image\/jpeg\" \/>\n<meta name=\"twitter:card\" content=\"summary_large_image\" \/>\n<meta name=\"twitter:label1\" content=\"Tiempo de lectura\" \/>\n\t<meta name=\"twitter:data1\" content=\"1 minuto\" \/>\n<script type=\"application\/ld+json\" class=\"yoast-schema-graph\">{\"@context\":\"https:\\\/\\\/schema.org\",\"@graph\":[{\"@type\":\"WebPage\",\"@id\":\"https:\\\/\\\/corvim.com.ar\\\/index.php\\\/product\\\/rodillo-de-lana-lumar-profesional\\\/\",\"url\":\"https:\\\/\\\/corvim.com.ar\\\/index.php\\\/product\\\/rodillo-de-lana-lumar-profesional\\\/\",\"name\":\"RODILLO DE LANA LUMAR PROFESIONAL - corvim.com.ar\",\"isPartOf\":{\"@id\":\"https:\\\/\\\/corvim.com.ar\\\/#website\"},\"primaryImageOfPage\":{\"@id\":\"https:\\\/\\\/corvim.com.ar\\\/index.php\\\/product\\\/rodillo-de-lana-lumar-profesional\\\/#primaryimage\"},\"image\":{\"@id\":\"https:\\\/\\\/corvim.com.ar\\\/index.php\\\/product\\\/rodillo-de-lana-lumar-profesional\\\/#primaryimage\"},\"thumbnailUrl\":\"https:\\\/\\\/corvim.com.ar\\\/wp-content\\\/uploads\\\/2021\\\/11\\\/rod-lumr-prof-Photoroom-11.jpg\",\"datePublished\":\"2021-11-06T14:56:50+00:00\",\"dateModified\":\"2025-08-28T14:51:16+00:00\",\"breadcrumb\":{\"@id\":\"https:\\\/\\\/corvim.com.ar\\\/index.php\\\/product\\\/rodillo-de-lana-lumar-profesional\\\/#breadcrumb\"},\"inLanguage\":\"es\",\"potentialAction\":[{\"@type\":\"ReadAction\",\"target\":[\"https:\\\/\\\/corvim.com.ar\\\/index.php\\\/product\\\/rodillo-de-lana-lumar-profesional\\\/\"]}]},{\"@type\":\"ImageObject\",\"inLanguage\":\"es\",\"@id\":\"https:\\\/\\\/corvim.com.ar\\\/index.php\\\/product\\\/rodillo-de-lana-lumar-profesional\\\/#primaryimage\",\"url\":\"https:\\\/\\\/corvim.com.ar\\\/wp-content\\\/uploads\\\/2021\\\/11\\\/rod-lumr-prof-Photoroom-11.jpg\",\"contentUrl\":\"https:\\\/\\\/corvim.com.ar\\\/wp-content\\\/uploads\\\/2021\\\/11\\\/rod-lumr-prof-Photoroom-11.jpg\",\"width\":600,\"height\":592},{\"@type\":\"BreadcrumbList\",\"@id\":\"https:\\\/\\\/corvim.com.ar\\\/index.php\\\/product\\\/rodillo-de-lana-lumar-profesional\\\/#breadcrumb\",\"itemListElement\":[{\"@type\":\"ListItem\",\"position\":1,\"name\":\"Portada\",\"item\":\"https:\\\/\\\/corvim.com.ar\\\/\"},{\"@type\":\"ListItem\",\"position\":2,\"name\":\"Productos\",\"item\":\"https:\\\/\\\/corvim.com.ar\\\/index.php\\\/shop\\\/\"},{\"@type\":\"ListItem\",\"position\":3,\"name\":\"RODILLO DE LANA LUMAR PROFESIONAL\"}]},{\"@type\":\"WebSite\",\"@id\":\"https:\\\/\\\/corvim.com.ar\\\/#website\",\"url\":\"https:\\\/\\\/corvim.com.ar\\\/\",\"name\":\"corvim.com.ar\",\"description\":\"\",\"publisher\":{\"@id\":\"https:\\\/\\\/corvim.com.ar\\\/#organization\"},\"potentialAction\":[{\"@type\":\"SearchAction\",\"target\":{\"@type\":\"EntryPoint\",\"urlTemplate\":\"https:\\\/\\\/corvim.com.ar\\\/?s={search_term_string}\"},\"query-input\":{\"@type\":\"PropertyValueSpecification\",\"valueRequired\":true,\"valueName\":\"search_term_string\"}}],\"inLanguage\":\"es\"},{\"@type\":\"Organization\",\"@id\":\"https:\\\/\\\/corvim.com.ar\\\/#organization\",\"name\":\"corvim.com.ar\",\"url\":\"https:\\\/\\\/corvim.com.ar\\\/\",\"logo\":{\"@type\":\"ImageObject\",\"inLanguage\":\"es\",\"@id\":\"https:\\\/\\\/corvim.com.ar\\\/#\\\/schema\\\/logo\\\/image\\\/\",\"url\":\"https:\\\/\\\/corvim.com.ar\\\/wp-content\\\/uploads\\\/2025\\\/06\\\/cropped-logo-corvim.jpg\",\"contentUrl\":\"https:\\\/\\\/corvim.com.ar\\\/wp-content\\\/uploads\\\/2025\\\/06\\\/cropped-logo-corvim.jpg\",\"width\":165,\"height\":84,\"caption\":\"corvim.com.ar\"},\"image\":{\"@id\":\"https:\\\/\\\/corvim.com.ar\\\/#\\\/schema\\\/logo\\\/image\\\/\"}}]}<\/script>\n<!-- \/ Yoast SEO plugin. -->","yoast_head_json":{"title":"RODILLO DE LANA LUMAR PROFESIONAL - corvim.com.ar","robots":{"index":"index","follow":"follow","max-snippet":"max-snippet:-1","max-image-preview":"max-image-preview:large","max-video-preview":"max-video-preview:-1"},"canonical":"https:\/\/corvim.com.ar\/index.php\/product\/rodillo-de-lana-lumar-profesional\/","og_locale":"es_ES","og_type":"article","og_title":"RODILLO DE LANA LUMAR PROFESIONAL - corvim.com.ar","og_description":"RODILLO DE LANA LUMAR PROFESIONAL &nbsp;    Material del rodillo: 100%\u00a0 Lana natural  Garantiza excelentes terminaciones.  Recomendado para pinturas l\u00e1tex sobre superficies lisas o rugosas.  Material del mango: Pl\u00e1stico    N\u00fameros: 10, 18, 22  Asegura un excelente acabado.","og_url":"https:\/\/corvim.com.ar\/index.php\/product\/rodillo-de-lana-lumar-profesional\/","og_site_name":"corvim.com.ar","article_modified_time":"2025-08-28T14:51:16+00:00","og_image":[{"width":600,"height":592,"url":"http:\/\/corvim.com.ar\/wp-content\/uploads\/2021\/11\/rod-lumr-prof-Photoroom-11.jpg","type":"image\/jpeg"}],"twitter_card":"summary_large_image","twitter_misc":{"Tiempo de lectura":"1 minuto"},"schema":{"@context":"https:\/\/schema.org","@graph":[{"@type":"WebPage","@id":"https:\/\/corvim.com.ar\/index.php\/product\/rodillo-de-lana-lumar-profesional\/","url":"https:\/\/corvim.com.ar\/index.php\/product\/rodillo-de-lana-lumar-profesional\/","name":"RODILLO DE LANA LUMAR PROFESIONAL - corvim.com.ar","isPartOf":{"@id":"https:\/\/corvim.com.ar\/#website"},"primaryImageOfPage":{"@id":"https:\/\/corvim.com.ar\/index.php\/product\/rodillo-de-lana-lumar-profesional\/#primaryimage"},"image":{"@id":"https:\/\/corvim.com.ar\/index.php\/product\/rodillo-de-lana-lumar-profesional\/#primaryimage"},"thumbnailUrl":"https:\/\/corvim.com.ar\/wp-content\/uploads\/2021\/11\/rod-lumr-prof-Photoroom-11.jpg","datePublished":"2021-11-06T14:56:50+00:00","dateModified":"2025-08-28T14:51:16+00:00","breadcrumb":{"@id":"https:\/\/corvim.com.ar\/index.php\/product\/rodillo-de-lana-lumar-profesional\/#breadcrumb"},"inLanguage":"es","potentialAction":[{"@type":"ReadAction","target":["https:\/\/corvim.com.ar\/index.php\/product\/rodillo-de-lana-lumar-profesional\/"]}]},{"@type":"ImageObject","inLanguage":"es","@id":"https:\/\/corvim.com.ar\/index.php\/product\/rodillo-de-lana-lumar-profesional\/#primaryimage","url":"https:\/\/corvim.com.ar\/wp-content\/uploads\/2021\/11\/rod-lumr-prof-Photoroom-11.jpg","contentUrl":"https:\/\/corvim.com.ar\/wp-content\/uploads\/2021\/11\/rod-lumr-prof-Photoroom-11.jpg","width":600,"height":592},{"@type":"BreadcrumbList","@id":"https:\/\/corvim.com.ar\/index.php\/product\/rodillo-de-lana-lumar-profesional\/#breadcrumb","itemListElement":[{"@type":"ListItem","position":1,"name":"Portada","item":"https:\/\/corvim.com.ar\/"},{"@type":"ListItem","position":2,"name":"Productos","item":"https:\/\/corvim.com.ar\/index.php\/shop\/"},{"@type":"ListItem","position":3,"name":"RODILLO DE LANA LUMAR PROFESIONAL"}]},{"@type":"WebSite","@id":"https:\/\/corvim.com.ar\/#website","url":"https:\/\/corvim.com.ar\/","name":"corvim.com.ar","description":"","publisher":{"@id":"https:\/\/corvim.com.ar\/#organization"},"potentialAction":[{"@type":"SearchAction","target":{"@type":"EntryPoint","urlTemplate":"https:\/\/corvim.com.ar\/?s={search_term_string}"},"query-input":{"@type":"PropertyValueSpecification","valueRequired":true,"valueName":"search_term_string"}}],"inLanguage":"es"},{"@type":"Organization","@id":"https:\/\/corvim.com.ar\/#organization","name":"corvim.com.ar","url":"https:\/\/corvim.com.ar\/","logo":{"@type":"ImageObject","inLanguage":"es","@id":"https:\/\/corvim.com.ar\/#\/schema\/logo\/image\/","url":"https:\/\/corvim.com.ar\/wp-content\/uploads\/2025\/06\/cropped-logo-corvim.jpg","contentUrl":"https:\/\/corvim.com.ar\/wp-content\/uploads\/2025\/06\/cropped-logo-corvim.jpg","width":165,"height":84,"caption":"corvim.com.ar"},"image":{"@id":"https:\/\/corvim.com.ar\/#\/schema\/logo\/image\/"}}]}},"_links":{"self":[{"href":"https:\/\/corvim.com.ar\/index.php\/wp-json\/wp\/v2\/product\/608","targetHints":{"allow":["GET"]}}],"collection":[{"href":"https:\/\/corvim.com.ar\/index.php\/wp-json\/wp\/v2\/product"}],"about":[{"href":"https:\/\/corvim.com.ar\/index.php\/wp-json\/wp\/v2\/types\/product"}],"version-history":[{"count":1,"href":"https:\/\/corvim.com.ar\/index.php\/wp-json\/wp\/v2\/product\/608\/revisions"}],"predecessor-version":[{"id":2708,"href":"https:\/\/corvim.com.ar\/index.php\/wp-json\/wp\/v2\/product\/608\/revisions\/2708"}],"wp:featuredmedia":[{"embeddable":true,"href":"https:\/\/corvim.com.ar\/index.php\/wp-json\/wp\/v2\/media\/2707"}],"wp:attachment":[{"href":"https:\/\/corvim.com.ar\/index.php\/wp-json\/wp\/v2\/media?parent=608"}],"wp:term":[{"taxonomy":"product_brand","embeddable":true,"href":"https:\/\/corvim.com.ar\/index.php\/wp-json\/wp\/v2\/product_brand?post=608"},{"taxonomy":"product_cat","embeddable":true,"href":"https:\/\/corvim.com.ar\/index.php\/wp-json\/wp\/v2\/product_cat?post=608"},{"taxonomy":"product_tag","embeddable":true,"href":"https:\/\/corvim.com.ar\/index.php\/wp-json\/wp\/v2\/product_tag?post=608"}],"curies":[{"name":"wp","href":"https:\/\/api.w.org\/{rel}","templated":true}]}}