{"id":2771,"date":"2025-08-28T12:51:41","date_gmt":"2025-08-28T15:51:41","guid":{"rendered":"https:\/\/corvim.com.ar\/?post_type=product&#038;p=2771"},"modified":"2025-10-14T19:29:44","modified_gmt":"2025-10-14T22:29:44","slug":"perfileria-para-durlock","status":"publish","type":"product","link":"https:\/\/corvim.com.ar\/index.php\/product\/perfileria-para-durlock\/","title":{"rendered":"PERFILERIA PARA DURLOCK"},"content":{"rendered":"","protected":false},"excerpt":{"rendered":"<h4>Piezas met\u00e1licas de construcci\u00f3n en seco. Montantes, soleras, perfil omega, \u00e1ngulo cantonera, \u00e1ngulo perforado, etc. Medidas varias.<\/h4>\n<h4><strong>\u00a0<\/strong><\/h4>\n","protected":false},"featured_media":2844,"template":"","meta":[],"product_brand":[],"product_cat":[15],"product_tag":[],"class_list":{"0":"post-2771","1":"product","2":"type-product","3":"status-publish","4":"has-post-thumbnail","6":"product_cat-durlock","8":"first","9":"instock","10":"shipping-taxable","11":"purchasable","12":"product-type-simple"},"aioseo_notices":[],"yoast_head":"<!-- This site is optimized with the Yoast SEO plugin v27.5 - https:\/\/yoast.com\/product\/yoast-seo-wordpress\/ -->\n<title>PERFILERIA PARA DURLOCK - corvim.com.ar<\/title>\n<meta name=\"robots\" content=\"index, follow, max-snippet:-1, max-image-preview:large, max-video-preview:-1\" \/>\n<link rel=\"canonical\" href=\"https:\/\/corvim.com.ar\/index.php\/product\/perfileria-para-durlock\/\" \/>\n<meta property=\"og:locale\" content=\"es_ES\" \/>\n<meta property=\"og:type\" content=\"article\" \/>\n<meta property=\"og:title\" content=\"PERFILERIA PARA DURLOCK - corvim.com.ar\" \/>\n<meta property=\"og:description\" content=\"Piezas met\u00e1licas de construcci\u00f3n en seco. Montantes, soleras, perfil omega, \u00e1ngulo cantonera, \u00e1ngulo perforado, etc. Medidas varias. \u00a0\" \/>\n<meta property=\"og:url\" content=\"https:\/\/corvim.com.ar\/index.php\/product\/perfileria-para-durlock\/\" \/>\n<meta property=\"og:site_name\" content=\"corvim.com.ar\" \/>\n<meta property=\"article:modified_time\" content=\"2025-10-14T22:29:44+00:00\" \/>\n<meta property=\"og:image\" content=\"http:\/\/corvim.com.ar\/wp-content\/uploads\/2025\/08\/Masilla-Durlock-32-kg-lista-para-usar-Alta-adherencia-para-construccion-en-seco-facil-aplicacion-y-secado-rapido-Ideal-para-juntas-tornillos-y-acabados-perfectos-en-paredes-de-yeso-1.png\" \/>\n\t<meta property=\"og:image:width\" content=\"1080\" \/>\n\t<meta property=\"og:image:height\" content=\"1080\" \/>\n\t<meta property=\"og:image:type\" content=\"image\/png\" \/>\n<meta name=\"twitter:card\" content=\"summary_large_image\" \/>\n<meta name=\"twitter:label1\" content=\"Tiempo de lectura\" \/>\n\t<meta name=\"twitter:data1\" content=\"1 minuto\" \/>\n<script type=\"application\/ld+json\" class=\"yoast-schema-graph\">{\"@context\":\"https:\\\/\\\/schema.org\",\"@graph\":[{\"@type\":\"WebPage\",\"@id\":\"https:\\\/\\\/corvim.com.ar\\\/index.php\\\/product\\\/perfileria-para-durlock\\\/\",\"url\":\"https:\\\/\\\/corvim.com.ar\\\/index.php\\\/product\\\/perfileria-para-durlock\\\/\",\"name\":\"PERFILERIA PARA DURLOCK - corvim.com.ar\",\"isPartOf\":{\"@id\":\"https:\\\/\\\/corvim.com.ar\\\/#website\"},\"primaryImageOfPage\":{\"@id\":\"https:\\\/\\\/corvim.com.ar\\\/index.php\\\/product\\\/perfileria-para-durlock\\\/#primaryimage\"},\"image\":{\"@id\":\"https:\\\/\\\/corvim.com.ar\\\/index.php\\\/product\\\/perfileria-para-durlock\\\/#primaryimage\"},\"thumbnailUrl\":\"https:\\\/\\\/corvim.com.ar\\\/wp-content\\\/uploads\\\/2025\\\/08\\\/Masilla-Durlock-32-kg-lista-para-usar-Alta-adherencia-para-construccion-en-seco-facil-aplicacion-y-secado-rapido-Ideal-para-juntas-tornillos-y-acabados-perfectos-en-paredes-de-yeso-1.png\",\"datePublished\":\"2025-08-28T15:51:41+00:00\",\"dateModified\":\"2025-10-14T22:29:44+00:00\",\"breadcrumb\":{\"@id\":\"https:\\\/\\\/corvim.com.ar\\\/index.php\\\/product\\\/perfileria-para-durlock\\\/#breadcrumb\"},\"inLanguage\":\"es\",\"potentialAction\":[{\"@type\":\"ReadAction\",\"target\":[\"https:\\\/\\\/corvim.com.ar\\\/index.php\\\/product\\\/perfileria-para-durlock\\\/\"]}]},{\"@type\":\"ImageObject\",\"inLanguage\":\"es\",\"@id\":\"https:\\\/\\\/corvim.com.ar\\\/index.php\\\/product\\\/perfileria-para-durlock\\\/#primaryimage\",\"url\":\"https:\\\/\\\/corvim.com.ar\\\/wp-content\\\/uploads\\\/2025\\\/08\\\/Masilla-Durlock-32-kg-lista-para-usar-Alta-adherencia-para-construccion-en-seco-facil-aplicacion-y-secado-rapido-Ideal-para-juntas-tornillos-y-acabados-perfectos-en-paredes-de-yeso-1.png\",\"contentUrl\":\"https:\\\/\\\/corvim.com.ar\\\/wp-content\\\/uploads\\\/2025\\\/08\\\/Masilla-Durlock-32-kg-lista-para-usar-Alta-adherencia-para-construccion-en-seco-facil-aplicacion-y-secado-rapido-Ideal-para-juntas-tornillos-y-acabados-perfectos-en-paredes-de-yeso-1.png\",\"width\":1080,\"height\":1080},{\"@type\":\"BreadcrumbList\",\"@id\":\"https:\\\/\\\/corvim.com.ar\\\/index.php\\\/product\\\/perfileria-para-durlock\\\/#breadcrumb\",\"itemListElement\":[{\"@type\":\"ListItem\",\"position\":1,\"name\":\"Portada\",\"item\":\"https:\\\/\\\/corvim.com.ar\\\/\"},{\"@type\":\"ListItem\",\"position\":2,\"name\":\"Productos\",\"item\":\"https:\\\/\\\/corvim.com.ar\\\/index.php\\\/shop\\\/\"},{\"@type\":\"ListItem\",\"position\":3,\"name\":\"PERFILERIA PARA DURLOCK\"}]},{\"@type\":\"WebSite\",\"@id\":\"https:\\\/\\\/corvim.com.ar\\\/#website\",\"url\":\"https:\\\/\\\/corvim.com.ar\\\/\",\"name\":\"corvim.com.ar\",\"description\":\"\",\"publisher\":{\"@id\":\"https:\\\/\\\/corvim.com.ar\\\/#organization\"},\"potentialAction\":[{\"@type\":\"SearchAction\",\"target\":{\"@type\":\"EntryPoint\",\"urlTemplate\":\"https:\\\/\\\/corvim.com.ar\\\/?s={search_term_string}\"},\"query-input\":{\"@type\":\"PropertyValueSpecification\",\"valueRequired\":true,\"valueName\":\"search_term_string\"}}],\"inLanguage\":\"es\"},{\"@type\":\"Organization\",\"@id\":\"https:\\\/\\\/corvim.com.ar\\\/#organization\",\"name\":\"corvim.com.ar\",\"url\":\"https:\\\/\\\/corvim.com.ar\\\/\",\"logo\":{\"@type\":\"ImageObject\",\"inLanguage\":\"es\",\"@id\":\"https:\\\/\\\/corvim.com.ar\\\/#\\\/schema\\\/logo\\\/image\\\/\",\"url\":\"https:\\\/\\\/corvim.com.ar\\\/wp-content\\\/uploads\\\/2025\\\/06\\\/cropped-logo-corvim.jpg\",\"contentUrl\":\"https:\\\/\\\/corvim.com.ar\\\/wp-content\\\/uploads\\\/2025\\\/06\\\/cropped-logo-corvim.jpg\",\"width\":165,\"height\":84,\"caption\":\"corvim.com.ar\"},\"image\":{\"@id\":\"https:\\\/\\\/corvim.com.ar\\\/#\\\/schema\\\/logo\\\/image\\\/\"}}]}<\/script>\n<!-- \/ Yoast SEO plugin. -->","yoast_head_json":{"title":"PERFILERIA PARA DURLOCK - corvim.com.ar","robots":{"index":"index","follow":"follow","max-snippet":"max-snippet:-1","max-image-preview":"max-image-preview:large","max-video-preview":"max-video-preview:-1"},"canonical":"https:\/\/corvim.com.ar\/index.php\/product\/perfileria-para-durlock\/","og_locale":"es_ES","og_type":"article","og_title":"PERFILERIA PARA DURLOCK - corvim.com.ar","og_description":"Piezas met\u00e1licas de construcci\u00f3n en seco. Montantes, soleras, perfil omega, \u00e1ngulo cantonera, \u00e1ngulo perforado, etc. Medidas varias. \u00a0","og_url":"https:\/\/corvim.com.ar\/index.php\/product\/perfileria-para-durlock\/","og_site_name":"corvim.com.ar","article_modified_time":"2025-10-14T22:29:44+00:00","og_image":[{"width":1080,"height":1080,"url":"http:\/\/corvim.com.ar\/wp-content\/uploads\/2025\/08\/Masilla-Durlock-32-kg-lista-para-usar-Alta-adherencia-para-construccion-en-seco-facil-aplicacion-y-secado-rapido-Ideal-para-juntas-tornillos-y-acabados-perfectos-en-paredes-de-yeso-1.png","type":"image\/png"}],"twitter_card":"summary_large_image","twitter_misc":{"Tiempo de lectura":"1 minuto"},"schema":{"@context":"https:\/\/schema.org","@graph":[{"@type":"WebPage","@id":"https:\/\/corvim.com.ar\/index.php\/product\/perfileria-para-durlock\/","url":"https:\/\/corvim.com.ar\/index.php\/product\/perfileria-para-durlock\/","name":"PERFILERIA PARA DURLOCK - corvim.com.ar","isPartOf":{"@id":"https:\/\/corvim.com.ar\/#website"},"primaryImageOfPage":{"@id":"https:\/\/corvim.com.ar\/index.php\/product\/perfileria-para-durlock\/#primaryimage"},"image":{"@id":"https:\/\/corvim.com.ar\/index.php\/product\/perfileria-para-durlock\/#primaryimage"},"thumbnailUrl":"https:\/\/corvim.com.ar\/wp-content\/uploads\/2025\/08\/Masilla-Durlock-32-kg-lista-para-usar-Alta-adherencia-para-construccion-en-seco-facil-aplicacion-y-secado-rapido-Ideal-para-juntas-tornillos-y-acabados-perfectos-en-paredes-de-yeso-1.png","datePublished":"2025-08-28T15:51:41+00:00","dateModified":"2025-10-14T22:29:44+00:00","breadcrumb":{"@id":"https:\/\/corvim.com.ar\/index.php\/product\/perfileria-para-durlock\/#breadcrumb"},"inLanguage":"es","potentialAction":[{"@type":"ReadAction","target":["https:\/\/corvim.com.ar\/index.php\/product\/perfileria-para-durlock\/"]}]},{"@type":"ImageObject","inLanguage":"es","@id":"https:\/\/corvim.com.ar\/index.php\/product\/perfileria-para-durlock\/#primaryimage","url":"https:\/\/corvim.com.ar\/wp-content\/uploads\/2025\/08\/Masilla-Durlock-32-kg-lista-para-usar-Alta-adherencia-para-construccion-en-seco-facil-aplicacion-y-secado-rapido-Ideal-para-juntas-tornillos-y-acabados-perfectos-en-paredes-de-yeso-1.png","contentUrl":"https:\/\/corvim.com.ar\/wp-content\/uploads\/2025\/08\/Masilla-Durlock-32-kg-lista-para-usar-Alta-adherencia-para-construccion-en-seco-facil-aplicacion-y-secado-rapido-Ideal-para-juntas-tornillos-y-acabados-perfectos-en-paredes-de-yeso-1.png","width":1080,"height":1080},{"@type":"BreadcrumbList","@id":"https:\/\/corvim.com.ar\/index.php\/product\/perfileria-para-durlock\/#breadcrumb","itemListElement":[{"@type":"ListItem","position":1,"name":"Portada","item":"https:\/\/corvim.com.ar\/"},{"@type":"ListItem","position":2,"name":"Productos","item":"https:\/\/corvim.com.ar\/index.php\/shop\/"},{"@type":"ListItem","position":3,"name":"PERFILERIA PARA DURLOCK"}]},{"@type":"WebSite","@id":"https:\/\/corvim.com.ar\/#website","url":"https:\/\/corvim.com.ar\/","name":"corvim.com.ar","description":"","publisher":{"@id":"https:\/\/corvim.com.ar\/#organization"},"potentialAction":[{"@type":"SearchAction","target":{"@type":"EntryPoint","urlTemplate":"https:\/\/corvim.com.ar\/?s={search_term_string}"},"query-input":{"@type":"PropertyValueSpecification","valueRequired":true,"valueName":"search_term_string"}}],"inLanguage":"es"},{"@type":"Organization","@id":"https:\/\/corvim.com.ar\/#organization","name":"corvim.com.ar","url":"https:\/\/corvim.com.ar\/","logo":{"@type":"ImageObject","inLanguage":"es","@id":"https:\/\/corvim.com.ar\/#\/schema\/logo\/image\/","url":"https:\/\/corvim.com.ar\/wp-content\/uploads\/2025\/06\/cropped-logo-corvim.jpg","contentUrl":"https:\/\/corvim.com.ar\/wp-content\/uploads\/2025\/06\/cropped-logo-corvim.jpg","width":165,"height":84,"caption":"corvim.com.ar"},"image":{"@id":"https:\/\/corvim.com.ar\/#\/schema\/logo\/image\/"}}]}},"_links":{"self":[{"href":"https:\/\/corvim.com.ar\/index.php\/wp-json\/wp\/v2\/product\/2771","targetHints":{"allow":["GET"]}}],"collection":[{"href":"https:\/\/corvim.com.ar\/index.php\/wp-json\/wp\/v2\/product"}],"about":[{"href":"https:\/\/corvim.com.ar\/index.php\/wp-json\/wp\/v2\/types\/product"}],"version-history":[{"count":3,"href":"https:\/\/corvim.com.ar\/index.php\/wp-json\/wp\/v2\/product\/2771\/revisions"}],"predecessor-version":[{"id":2927,"href":"https:\/\/corvim.com.ar\/index.php\/wp-json\/wp\/v2\/product\/2771\/revisions\/2927"}],"wp:featuredmedia":[{"embeddable":true,"href":"https:\/\/corvim.com.ar\/index.php\/wp-json\/wp\/v2\/media\/2844"}],"wp:attachment":[{"href":"https:\/\/corvim.com.ar\/index.php\/wp-json\/wp\/v2\/media?parent=2771"}],"wp:term":[{"taxonomy":"product_brand","embeddable":true,"href":"https:\/\/corvim.com.ar\/index.php\/wp-json\/wp\/v2\/product_brand?post=2771"},{"taxonomy":"product_cat","embeddable":true,"href":"https:\/\/corvim.com.ar\/index.php\/wp-json\/wp\/v2\/product_cat?post=2771"},{"taxonomy":"product_tag","embeddable":true,"href":"https:\/\/corvim.com.ar\/index.php\/wp-json\/wp\/v2\/product_tag?post=2771"}],"curies":[{"name":"wp","href":"https:\/\/api.w.org\/{rel}","templated":true}]}}