{"id":1039,"date":"2021-11-19T12:01:22","date_gmt":"2021-11-19T15:01:22","guid":{"rendered":"https:\/\/corvim.com.ar\/?post_type=product&#038;p=1039"},"modified":"2025-09-23T12:48:10","modified_gmt":"2025-09-23T15:48:10","slug":"brillospray-aerosol-metalizado-cobre-plata-y-oro-3-en-1-x-250-cm3","status":"publish","type":"product","link":"https:\/\/corvim.com.ar\/index.php\/product\/brillospray-aerosol-metalizado-cobre-plata-y-oro-3-en-1-x-250-cm3\/","title":{"rendered":"AEROSOL BRILLOSPRAY  METALIZADO"},"content":{"rendered":"","protected":false},"excerpt":{"rendered":"<p>Esmalte 3 en 1, de terminaci\u00f3n alqu\u00eddico de r\u00e1pido secado para uso interior y exterior con buena retenci\u00f3n del color y buena resistencia a la intemperie, mayor que la de los esquemas alqu\u00eddicos convencionales. Acabado para superficies met\u00e1licas y de madera, especialmente aqu\u00e9llas que deban ser liberadas r\u00e1pidamente al uso. Debido a su r\u00e1pido secado, permite obtener mejor calidad en la terminaci\u00f3n, libre de polvo y mayor brillo. COLORES: plata, oro, cobre. Presentaci\u00f3n: \u00a0250\u00a0 cm3.<\/p>\n","protected":false},"featured_media":3155,"template":"","meta":[],"product_brand":[],"product_cat":[141],"product_tag":[118,81],"class_list":{"0":"post-1039","1":"product","2":"type-product","3":"status-publish","4":"has-post-thumbnail","6":"product_cat-aerosoles","7":"product_tag-brillospray","8":"product_tag-sinteplast","10":"first","11":"instock","12":"shipping-taxable","13":"purchasable","14":"product-type-variable"},"aioseo_notices":[],"yoast_head":"<!-- This site is optimized with the Yoast SEO plugin v27.5 - https:\/\/yoast.com\/product\/yoast-seo-wordpress\/ -->\n<title>AEROSOL BRILLOSPRAY METALIZADO - corvim.com.ar<\/title>\n<meta name=\"robots\" content=\"index, follow, max-snippet:-1, max-image-preview:large, max-video-preview:-1\" \/>\n<link rel=\"canonical\" href=\"https:\/\/corvim.com.ar\/index.php\/product\/brillospray-aerosol-metalizado-cobre-plata-y-oro-3-en-1-x-250-cm3\/\" \/>\n<meta property=\"og:locale\" content=\"es_ES\" \/>\n<meta property=\"og:type\" content=\"article\" \/>\n<meta property=\"og:title\" content=\"AEROSOL BRILLOSPRAY METALIZADO - corvim.com.ar\" \/>\n<meta property=\"og:description\" content=\"Esmalte 3 en 1, de terminaci\u00f3n alqu\u00eddico de r\u00e1pido secado para uso interior y exterior con buena retenci\u00f3n del color y buena resistencia a la intemperie, mayor que la de los esquemas alqu\u00eddicos convencionales. Acabado para superficies met\u00e1licas y de madera, especialmente aqu\u00e9llas que deban ser liberadas r\u00e1pidamente al uso. Debido a su r\u00e1pido secado, permite obtener mejor calidad en la terminaci\u00f3n, libre de polvo y mayor brillo. COLORES: plata, oro, cobre. Presentaci\u00f3n: \u00a0250\u00a0 cm3.\" \/>\n<meta property=\"og:url\" content=\"https:\/\/corvim.com.ar\/index.php\/product\/brillospray-aerosol-metalizado-cobre-plata-y-oro-3-en-1-x-250-cm3\/\" \/>\n<meta property=\"og:site_name\" content=\"corvim.com.ar\" \/>\n<meta property=\"article:modified_time\" content=\"2025-09-23T15:48:10+00:00\" \/>\n<meta property=\"og:image\" content=\"http:\/\/corvim.com.ar\/wp-content\/uploads\/2021\/11\/aerosol-metalico-Photoroom-2025-09-08T115900.959.jpg\" \/>\n\t<meta property=\"og:image:width\" content=\"600\" \/>\n\t<meta property=\"og:image:height\" content=\"592\" \/>\n\t<meta property=\"og:image:type\" content=\"image\/jpeg\" \/>\n<meta name=\"twitter:card\" content=\"summary_large_image\" \/>\n<meta name=\"twitter:label1\" content=\"Tiempo de lectura\" \/>\n\t<meta name=\"twitter:data1\" content=\"1 minuto\" \/>\n<script type=\"application\/ld+json\" class=\"yoast-schema-graph\">{\"@context\":\"https:\\\/\\\/schema.org\",\"@graph\":[{\"@type\":\"WebPage\",\"@id\":\"https:\\\/\\\/corvim.com.ar\\\/index.php\\\/product\\\/brillospray-aerosol-metalizado-cobre-plata-y-oro-3-en-1-x-250-cm3\\\/\",\"url\":\"https:\\\/\\\/corvim.com.ar\\\/index.php\\\/product\\\/brillospray-aerosol-metalizado-cobre-plata-y-oro-3-en-1-x-250-cm3\\\/\",\"name\":\"AEROSOL BRILLOSPRAY METALIZADO - corvim.com.ar\",\"isPartOf\":{\"@id\":\"https:\\\/\\\/corvim.com.ar\\\/#website\"},\"primaryImageOfPage\":{\"@id\":\"https:\\\/\\\/corvim.com.ar\\\/index.php\\\/product\\\/brillospray-aerosol-metalizado-cobre-plata-y-oro-3-en-1-x-250-cm3\\\/#primaryimage\"},\"image\":{\"@id\":\"https:\\\/\\\/corvim.com.ar\\\/index.php\\\/product\\\/brillospray-aerosol-metalizado-cobre-plata-y-oro-3-en-1-x-250-cm3\\\/#primaryimage\"},\"thumbnailUrl\":\"https:\\\/\\\/corvim.com.ar\\\/wp-content\\\/uploads\\\/2021\\\/11\\\/aerosol-metalico-Photoroom-2025-09-08T115900.959.jpg\",\"datePublished\":\"2021-11-19T15:01:22+00:00\",\"dateModified\":\"2025-09-23T15:48:10+00:00\",\"breadcrumb\":{\"@id\":\"https:\\\/\\\/corvim.com.ar\\\/index.php\\\/product\\\/brillospray-aerosol-metalizado-cobre-plata-y-oro-3-en-1-x-250-cm3\\\/#breadcrumb\"},\"inLanguage\":\"es\",\"potentialAction\":[{\"@type\":\"ReadAction\",\"target\":[\"https:\\\/\\\/corvim.com.ar\\\/index.php\\\/product\\\/brillospray-aerosol-metalizado-cobre-plata-y-oro-3-en-1-x-250-cm3\\\/\"]}]},{\"@type\":\"ImageObject\",\"inLanguage\":\"es\",\"@id\":\"https:\\\/\\\/corvim.com.ar\\\/index.php\\\/product\\\/brillospray-aerosol-metalizado-cobre-plata-y-oro-3-en-1-x-250-cm3\\\/#primaryimage\",\"url\":\"https:\\\/\\\/corvim.com.ar\\\/wp-content\\\/uploads\\\/2021\\\/11\\\/aerosol-metalico-Photoroom-2025-09-08T115900.959.jpg\",\"contentUrl\":\"https:\\\/\\\/corvim.com.ar\\\/wp-content\\\/uploads\\\/2021\\\/11\\\/aerosol-metalico-Photoroom-2025-09-08T115900.959.jpg\",\"width\":600,\"height\":592},{\"@type\":\"BreadcrumbList\",\"@id\":\"https:\\\/\\\/corvim.com.ar\\\/index.php\\\/product\\\/brillospray-aerosol-metalizado-cobre-plata-y-oro-3-en-1-x-250-cm3\\\/#breadcrumb\",\"itemListElement\":[{\"@type\":\"ListItem\",\"position\":1,\"name\":\"Portada\",\"item\":\"https:\\\/\\\/corvim.com.ar\\\/\"},{\"@type\":\"ListItem\",\"position\":2,\"name\":\"Productos\",\"item\":\"https:\\\/\\\/corvim.com.ar\\\/index.php\\\/shop\\\/\"},{\"@type\":\"ListItem\",\"position\":3,\"name\":\"AEROSOL BRILLOSPRAY METALIZADO\"}]},{\"@type\":\"WebSite\",\"@id\":\"https:\\\/\\\/corvim.com.ar\\\/#website\",\"url\":\"https:\\\/\\\/corvim.com.ar\\\/\",\"name\":\"corvim.com.ar\",\"description\":\"\",\"publisher\":{\"@id\":\"https:\\\/\\\/corvim.com.ar\\\/#organization\"},\"potentialAction\":[{\"@type\":\"SearchAction\",\"target\":{\"@type\":\"EntryPoint\",\"urlTemplate\":\"https:\\\/\\\/corvim.com.ar\\\/?s={search_term_string}\"},\"query-input\":{\"@type\":\"PropertyValueSpecification\",\"valueRequired\":true,\"valueName\":\"search_term_string\"}}],\"inLanguage\":\"es\"},{\"@type\":\"Organization\",\"@id\":\"https:\\\/\\\/corvim.com.ar\\\/#organization\",\"name\":\"corvim.com.ar\",\"url\":\"https:\\\/\\\/corvim.com.ar\\\/\",\"logo\":{\"@type\":\"ImageObject\",\"inLanguage\":\"es\",\"@id\":\"https:\\\/\\\/corvim.com.ar\\\/#\\\/schema\\\/logo\\\/image\\\/\",\"url\":\"https:\\\/\\\/corvim.com.ar\\\/wp-content\\\/uploads\\\/2025\\\/06\\\/cropped-logo-corvim.jpg\",\"contentUrl\":\"https:\\\/\\\/corvim.com.ar\\\/wp-content\\\/uploads\\\/2025\\\/06\\\/cropped-logo-corvim.jpg\",\"width\":165,\"height\":84,\"caption\":\"corvim.com.ar\"},\"image\":{\"@id\":\"https:\\\/\\\/corvim.com.ar\\\/#\\\/schema\\\/logo\\\/image\\\/\"}}]}<\/script>\n<!-- \/ Yoast SEO plugin. -->","yoast_head_json":{"title":"AEROSOL BRILLOSPRAY METALIZADO - corvim.com.ar","robots":{"index":"index","follow":"follow","max-snippet":"max-snippet:-1","max-image-preview":"max-image-preview:large","max-video-preview":"max-video-preview:-1"},"canonical":"https:\/\/corvim.com.ar\/index.php\/product\/brillospray-aerosol-metalizado-cobre-plata-y-oro-3-en-1-x-250-cm3\/","og_locale":"es_ES","og_type":"article","og_title":"AEROSOL BRILLOSPRAY METALIZADO - corvim.com.ar","og_description":"Esmalte 3 en 1, de terminaci\u00f3n alqu\u00eddico de r\u00e1pido secado para uso interior y exterior con buena retenci\u00f3n del color y buena resistencia a la intemperie, mayor que la de los esquemas alqu\u00eddicos convencionales. Acabado para superficies met\u00e1licas y de madera, especialmente aqu\u00e9llas que deban ser liberadas r\u00e1pidamente al uso. Debido a su r\u00e1pido secado, permite obtener mejor calidad en la terminaci\u00f3n, libre de polvo y mayor brillo. COLORES: plata, oro, cobre. Presentaci\u00f3n: \u00a0250\u00a0 cm3.","og_url":"https:\/\/corvim.com.ar\/index.php\/product\/brillospray-aerosol-metalizado-cobre-plata-y-oro-3-en-1-x-250-cm3\/","og_site_name":"corvim.com.ar","article_modified_time":"2025-09-23T15:48:10+00:00","og_image":[{"width":600,"height":592,"url":"http:\/\/corvim.com.ar\/wp-content\/uploads\/2021\/11\/aerosol-metalico-Photoroom-2025-09-08T115900.959.jpg","type":"image\/jpeg"}],"twitter_card":"summary_large_image","twitter_misc":{"Tiempo de lectura":"1 minuto"},"schema":{"@context":"https:\/\/schema.org","@graph":[{"@type":"WebPage","@id":"https:\/\/corvim.com.ar\/index.php\/product\/brillospray-aerosol-metalizado-cobre-plata-y-oro-3-en-1-x-250-cm3\/","url":"https:\/\/corvim.com.ar\/index.php\/product\/brillospray-aerosol-metalizado-cobre-plata-y-oro-3-en-1-x-250-cm3\/","name":"AEROSOL BRILLOSPRAY METALIZADO - corvim.com.ar","isPartOf":{"@id":"https:\/\/corvim.com.ar\/#website"},"primaryImageOfPage":{"@id":"https:\/\/corvim.com.ar\/index.php\/product\/brillospray-aerosol-metalizado-cobre-plata-y-oro-3-en-1-x-250-cm3\/#primaryimage"},"image":{"@id":"https:\/\/corvim.com.ar\/index.php\/product\/brillospray-aerosol-metalizado-cobre-plata-y-oro-3-en-1-x-250-cm3\/#primaryimage"},"thumbnailUrl":"https:\/\/corvim.com.ar\/wp-content\/uploads\/2021\/11\/aerosol-metalico-Photoroom-2025-09-08T115900.959.jpg","datePublished":"2021-11-19T15:01:22+00:00","dateModified":"2025-09-23T15:48:10+00:00","breadcrumb":{"@id":"https:\/\/corvim.com.ar\/index.php\/product\/brillospray-aerosol-metalizado-cobre-plata-y-oro-3-en-1-x-250-cm3\/#breadcrumb"},"inLanguage":"es","potentialAction":[{"@type":"ReadAction","target":["https:\/\/corvim.com.ar\/index.php\/product\/brillospray-aerosol-metalizado-cobre-plata-y-oro-3-en-1-x-250-cm3\/"]}]},{"@type":"ImageObject","inLanguage":"es","@id":"https:\/\/corvim.com.ar\/index.php\/product\/brillospray-aerosol-metalizado-cobre-plata-y-oro-3-en-1-x-250-cm3\/#primaryimage","url":"https:\/\/corvim.com.ar\/wp-content\/uploads\/2021\/11\/aerosol-metalico-Photoroom-2025-09-08T115900.959.jpg","contentUrl":"https:\/\/corvim.com.ar\/wp-content\/uploads\/2021\/11\/aerosol-metalico-Photoroom-2025-09-08T115900.959.jpg","width":600,"height":592},{"@type":"BreadcrumbList","@id":"https:\/\/corvim.com.ar\/index.php\/product\/brillospray-aerosol-metalizado-cobre-plata-y-oro-3-en-1-x-250-cm3\/#breadcrumb","itemListElement":[{"@type":"ListItem","position":1,"name":"Portada","item":"https:\/\/corvim.com.ar\/"},{"@type":"ListItem","position":2,"name":"Productos","item":"https:\/\/corvim.com.ar\/index.php\/shop\/"},{"@type":"ListItem","position":3,"name":"AEROSOL BRILLOSPRAY METALIZADO"}]},{"@type":"WebSite","@id":"https:\/\/corvim.com.ar\/#website","url":"https:\/\/corvim.com.ar\/","name":"corvim.com.ar","description":"","publisher":{"@id":"https:\/\/corvim.com.ar\/#organization"},"potentialAction":[{"@type":"SearchAction","target":{"@type":"EntryPoint","urlTemplate":"https:\/\/corvim.com.ar\/?s={search_term_string}"},"query-input":{"@type":"PropertyValueSpecification","valueRequired":true,"valueName":"search_term_string"}}],"inLanguage":"es"},{"@type":"Organization","@id":"https:\/\/corvim.com.ar\/#organization","name":"corvim.com.ar","url":"https:\/\/corvim.com.ar\/","logo":{"@type":"ImageObject","inLanguage":"es","@id":"https:\/\/corvim.com.ar\/#\/schema\/logo\/image\/","url":"https:\/\/corvim.com.ar\/wp-content\/uploads\/2025\/06\/cropped-logo-corvim.jpg","contentUrl":"https:\/\/corvim.com.ar\/wp-content\/uploads\/2025\/06\/cropped-logo-corvim.jpg","width":165,"height":84,"caption":"corvim.com.ar"},"image":{"@id":"https:\/\/corvim.com.ar\/#\/schema\/logo\/image\/"}}]}},"_links":{"self":[{"href":"https:\/\/corvim.com.ar\/index.php\/wp-json\/wp\/v2\/product\/1039","targetHints":{"allow":["GET"]}}],"collection":[{"href":"https:\/\/corvim.com.ar\/index.php\/wp-json\/wp\/v2\/product"}],"about":[{"href":"https:\/\/corvim.com.ar\/index.php\/wp-json\/wp\/v2\/types\/product"}],"version-history":[{"count":3,"href":"https:\/\/corvim.com.ar\/index.php\/wp-json\/wp\/v2\/product\/1039\/revisions"}],"predecessor-version":[{"id":3121,"href":"https:\/\/corvim.com.ar\/index.php\/wp-json\/wp\/v2\/product\/1039\/revisions\/3121"}],"wp:featuredmedia":[{"embeddable":true,"href":"https:\/\/corvim.com.ar\/index.php\/wp-json\/wp\/v2\/media\/3155"}],"wp:attachment":[{"href":"https:\/\/corvim.com.ar\/index.php\/wp-json\/wp\/v2\/media?parent=1039"}],"wp:term":[{"taxonomy":"product_brand","embeddable":true,"href":"https:\/\/corvim.com.ar\/index.php\/wp-json\/wp\/v2\/product_brand?post=1039"},{"taxonomy":"product_cat","embeddable":true,"href":"https:\/\/corvim.com.ar\/index.php\/wp-json\/wp\/v2\/product_cat?post=1039"},{"taxonomy":"product_tag","embeddable":true,"href":"https:\/\/corvim.com.ar\/index.php\/wp-json\/wp\/v2\/product_tag?post=1039"}],"curies":[{"name":"wp","href":"https:\/\/api.w.org\/{rel}","templated":true}]}}