{"id":1027,"date":"2021-11-19T11:25:04","date_gmt":"2021-11-19T14:25:04","guid":{"rendered":"https:\/\/corvim.com.ar\/?post_type=product&#038;p=1027"},"modified":"2025-09-20T11:39:56","modified_gmt":"2025-09-20T14:39:56","slug":"fija-plus-turbo-sinteplast-pegamento","status":"publish","type":"product","link":"https:\/\/corvim.com.ar\/index.php\/product\/fija-plus-turbo-sinteplast-pegamento\/","title":{"rendered":"PEGAMENTO FIJA-PLUS TURBO SINTEPLAST"},"content":{"rendered":"","protected":false},"excerpt":{"rendered":"<div class=\"content\">\n<p>Adhesivo formulado con pol\u00edmero MS de nueva generaci\u00f3n.<\/p>\n<\/div>\n<div class=\"customs\">\n<div class=\"vehiculo\"><span class=\"key\">Presentaciones:<\/span>\u00a0<span class=\"value\">125 \u2013 290 ML.<\/span><\/div>\n<\/div>\n<p>Curado extra r\u00e1pido. Adhiere sobre superficies h\u00famedas. Especialmente formulado para trabajos donde se requiera gran fuerza de pegado y rapidez de reticulaci\u00f3n. Uso interior y exterior.<\/p>\n","protected":false},"featured_media":3041,"template":"","meta":[],"product_brand":[],"product_cat":[53],"product_tag":[81],"class_list":{"0":"post-1027","1":"product","2":"type-product","3":"status-publish","4":"has-post-thumbnail","6":"product_cat-selladores-revoques-pegamentos","7":"product_tag-sinteplast","9":"first","10":"instock","11":"shipping-taxable","12":"purchasable","13":"product-type-variable"},"aioseo_notices":[],"yoast_head":"<!-- This site is optimized with the Yoast SEO plugin v27.5 - https:\/\/yoast.com\/product\/yoast-seo-wordpress\/ -->\n<title>PEGAMENTO FIJA-PLUS TURBO SINTEPLAST - corvim.com.ar<\/title>\n<meta name=\"robots\" content=\"index, follow, max-snippet:-1, max-image-preview:large, max-video-preview:-1\" \/>\n<link rel=\"canonical\" href=\"https:\/\/corvim.com.ar\/index.php\/product\/fija-plus-turbo-sinteplast-pegamento\/\" \/>\n<meta property=\"og:locale\" content=\"es_ES\" \/>\n<meta property=\"og:type\" content=\"article\" \/>\n<meta property=\"og:title\" content=\"PEGAMENTO FIJA-PLUS TURBO SINTEPLAST - corvim.com.ar\" \/>\n<meta property=\"og:description\" content=\"Adhesivo formulado con pol\u00edmero MS de nueva generaci\u00f3n.    Presentaciones:\u00a0125 \u2013 290 ML.  Curado extra r\u00e1pido. Adhiere sobre superficies h\u00famedas. Especialmente formulado para trabajos donde se requiera gran fuerza de pegado y rapidez de reticulaci\u00f3n. Uso interior y exterior.\" \/>\n<meta property=\"og:url\" content=\"https:\/\/corvim.com.ar\/index.php\/product\/fija-plus-turbo-sinteplast-pegamento\/\" \/>\n<meta property=\"og:site_name\" content=\"corvim.com.ar\" \/>\n<meta property=\"article:modified_time\" content=\"2025-09-20T14:39:56+00:00\" \/>\n<meta property=\"og:image\" content=\"http:\/\/corvim.com.ar\/wp-content\/uploads\/2021\/11\/POMO-SINTEPLAST-TURBO-Photoroom-2025-08-30T132357.131.jpg\" \/>\n\t<meta property=\"og:image:width\" content=\"600\" \/>\n\t<meta property=\"og:image:height\" content=\"592\" \/>\n\t<meta property=\"og:image:type\" content=\"image\/jpeg\" \/>\n<meta name=\"twitter:card\" content=\"summary_large_image\" \/>\n<meta name=\"twitter:label1\" content=\"Tiempo de lectura\" \/>\n\t<meta name=\"twitter:data1\" content=\"1 minuto\" \/>\n<script type=\"application\/ld+json\" class=\"yoast-schema-graph\">{\"@context\":\"https:\\\/\\\/schema.org\",\"@graph\":[{\"@type\":\"WebPage\",\"@id\":\"https:\\\/\\\/corvim.com.ar\\\/index.php\\\/product\\\/fija-plus-turbo-sinteplast-pegamento\\\/\",\"url\":\"https:\\\/\\\/corvim.com.ar\\\/index.php\\\/product\\\/fija-plus-turbo-sinteplast-pegamento\\\/\",\"name\":\"PEGAMENTO FIJA-PLUS TURBO SINTEPLAST - corvim.com.ar\",\"isPartOf\":{\"@id\":\"https:\\\/\\\/corvim.com.ar\\\/#website\"},\"primaryImageOfPage\":{\"@id\":\"https:\\\/\\\/corvim.com.ar\\\/index.php\\\/product\\\/fija-plus-turbo-sinteplast-pegamento\\\/#primaryimage\"},\"image\":{\"@id\":\"https:\\\/\\\/corvim.com.ar\\\/index.php\\\/product\\\/fija-plus-turbo-sinteplast-pegamento\\\/#primaryimage\"},\"thumbnailUrl\":\"https:\\\/\\\/corvim.com.ar\\\/wp-content\\\/uploads\\\/2021\\\/11\\\/POMO-SINTEPLAST-TURBO-Photoroom-2025-08-30T132357.131.jpg\",\"datePublished\":\"2021-11-19T14:25:04+00:00\",\"dateModified\":\"2025-09-20T14:39:56+00:00\",\"breadcrumb\":{\"@id\":\"https:\\\/\\\/corvim.com.ar\\\/index.php\\\/product\\\/fija-plus-turbo-sinteplast-pegamento\\\/#breadcrumb\"},\"inLanguage\":\"es\",\"potentialAction\":[{\"@type\":\"ReadAction\",\"target\":[\"https:\\\/\\\/corvim.com.ar\\\/index.php\\\/product\\\/fija-plus-turbo-sinteplast-pegamento\\\/\"]}]},{\"@type\":\"ImageObject\",\"inLanguage\":\"es\",\"@id\":\"https:\\\/\\\/corvim.com.ar\\\/index.php\\\/product\\\/fija-plus-turbo-sinteplast-pegamento\\\/#primaryimage\",\"url\":\"https:\\\/\\\/corvim.com.ar\\\/wp-content\\\/uploads\\\/2021\\\/11\\\/POMO-SINTEPLAST-TURBO-Photoroom-2025-08-30T132357.131.jpg\",\"contentUrl\":\"https:\\\/\\\/corvim.com.ar\\\/wp-content\\\/uploads\\\/2021\\\/11\\\/POMO-SINTEPLAST-TURBO-Photoroom-2025-08-30T132357.131.jpg\",\"width\":600,\"height\":592},{\"@type\":\"BreadcrumbList\",\"@id\":\"https:\\\/\\\/corvim.com.ar\\\/index.php\\\/product\\\/fija-plus-turbo-sinteplast-pegamento\\\/#breadcrumb\",\"itemListElement\":[{\"@type\":\"ListItem\",\"position\":1,\"name\":\"Portada\",\"item\":\"https:\\\/\\\/corvim.com.ar\\\/\"},{\"@type\":\"ListItem\",\"position\":2,\"name\":\"Productos\",\"item\":\"https:\\\/\\\/corvim.com.ar\\\/index.php\\\/shop\\\/\"},{\"@type\":\"ListItem\",\"position\":3,\"name\":\"PEGAMENTO FIJA-PLUS TURBO SINTEPLAST\"}]},{\"@type\":\"WebSite\",\"@id\":\"https:\\\/\\\/corvim.com.ar\\\/#website\",\"url\":\"https:\\\/\\\/corvim.com.ar\\\/\",\"name\":\"corvim.com.ar\",\"description\":\"\",\"publisher\":{\"@id\":\"https:\\\/\\\/corvim.com.ar\\\/#organization\"},\"potentialAction\":[{\"@type\":\"SearchAction\",\"target\":{\"@type\":\"EntryPoint\",\"urlTemplate\":\"https:\\\/\\\/corvim.com.ar\\\/?s={search_term_string}\"},\"query-input\":{\"@type\":\"PropertyValueSpecification\",\"valueRequired\":true,\"valueName\":\"search_term_string\"}}],\"inLanguage\":\"es\"},{\"@type\":\"Organization\",\"@id\":\"https:\\\/\\\/corvim.com.ar\\\/#organization\",\"name\":\"corvim.com.ar\",\"url\":\"https:\\\/\\\/corvim.com.ar\\\/\",\"logo\":{\"@type\":\"ImageObject\",\"inLanguage\":\"es\",\"@id\":\"https:\\\/\\\/corvim.com.ar\\\/#\\\/schema\\\/logo\\\/image\\\/\",\"url\":\"https:\\\/\\\/corvim.com.ar\\\/wp-content\\\/uploads\\\/2025\\\/06\\\/cropped-logo-corvim.jpg\",\"contentUrl\":\"https:\\\/\\\/corvim.com.ar\\\/wp-content\\\/uploads\\\/2025\\\/06\\\/cropped-logo-corvim.jpg\",\"width\":165,\"height\":84,\"caption\":\"corvim.com.ar\"},\"image\":{\"@id\":\"https:\\\/\\\/corvim.com.ar\\\/#\\\/schema\\\/logo\\\/image\\\/\"}}]}<\/script>\n<!-- \/ Yoast SEO plugin. -->","yoast_head_json":{"title":"PEGAMENTO FIJA-PLUS TURBO SINTEPLAST - corvim.com.ar","robots":{"index":"index","follow":"follow","max-snippet":"max-snippet:-1","max-image-preview":"max-image-preview:large","max-video-preview":"max-video-preview:-1"},"canonical":"https:\/\/corvim.com.ar\/index.php\/product\/fija-plus-turbo-sinteplast-pegamento\/","og_locale":"es_ES","og_type":"article","og_title":"PEGAMENTO FIJA-PLUS TURBO SINTEPLAST - corvim.com.ar","og_description":"Adhesivo formulado con pol\u00edmero MS de nueva generaci\u00f3n.    Presentaciones:\u00a0125 \u2013 290 ML.  Curado extra r\u00e1pido. Adhiere sobre superficies h\u00famedas. Especialmente formulado para trabajos donde se requiera gran fuerza de pegado y rapidez de reticulaci\u00f3n. Uso interior y exterior.","og_url":"https:\/\/corvim.com.ar\/index.php\/product\/fija-plus-turbo-sinteplast-pegamento\/","og_site_name":"corvim.com.ar","article_modified_time":"2025-09-20T14:39:56+00:00","og_image":[{"width":600,"height":592,"url":"http:\/\/corvim.com.ar\/wp-content\/uploads\/2021\/11\/POMO-SINTEPLAST-TURBO-Photoroom-2025-08-30T132357.131.jpg","type":"image\/jpeg"}],"twitter_card":"summary_large_image","twitter_misc":{"Tiempo de lectura":"1 minuto"},"schema":{"@context":"https:\/\/schema.org","@graph":[{"@type":"WebPage","@id":"https:\/\/corvim.com.ar\/index.php\/product\/fija-plus-turbo-sinteplast-pegamento\/","url":"https:\/\/corvim.com.ar\/index.php\/product\/fija-plus-turbo-sinteplast-pegamento\/","name":"PEGAMENTO FIJA-PLUS TURBO SINTEPLAST - corvim.com.ar","isPartOf":{"@id":"https:\/\/corvim.com.ar\/#website"},"primaryImageOfPage":{"@id":"https:\/\/corvim.com.ar\/index.php\/product\/fija-plus-turbo-sinteplast-pegamento\/#primaryimage"},"image":{"@id":"https:\/\/corvim.com.ar\/index.php\/product\/fija-plus-turbo-sinteplast-pegamento\/#primaryimage"},"thumbnailUrl":"https:\/\/corvim.com.ar\/wp-content\/uploads\/2021\/11\/POMO-SINTEPLAST-TURBO-Photoroom-2025-08-30T132357.131.jpg","datePublished":"2021-11-19T14:25:04+00:00","dateModified":"2025-09-20T14:39:56+00:00","breadcrumb":{"@id":"https:\/\/corvim.com.ar\/index.php\/product\/fija-plus-turbo-sinteplast-pegamento\/#breadcrumb"},"inLanguage":"es","potentialAction":[{"@type":"ReadAction","target":["https:\/\/corvim.com.ar\/index.php\/product\/fija-plus-turbo-sinteplast-pegamento\/"]}]},{"@type":"ImageObject","inLanguage":"es","@id":"https:\/\/corvim.com.ar\/index.php\/product\/fija-plus-turbo-sinteplast-pegamento\/#primaryimage","url":"https:\/\/corvim.com.ar\/wp-content\/uploads\/2021\/11\/POMO-SINTEPLAST-TURBO-Photoroom-2025-08-30T132357.131.jpg","contentUrl":"https:\/\/corvim.com.ar\/wp-content\/uploads\/2021\/11\/POMO-SINTEPLAST-TURBO-Photoroom-2025-08-30T132357.131.jpg","width":600,"height":592},{"@type":"BreadcrumbList","@id":"https:\/\/corvim.com.ar\/index.php\/product\/fija-plus-turbo-sinteplast-pegamento\/#breadcrumb","itemListElement":[{"@type":"ListItem","position":1,"name":"Portada","item":"https:\/\/corvim.com.ar\/"},{"@type":"ListItem","position":2,"name":"Productos","item":"https:\/\/corvim.com.ar\/index.php\/shop\/"},{"@type":"ListItem","position":3,"name":"PEGAMENTO FIJA-PLUS TURBO SINTEPLAST"}]},{"@type":"WebSite","@id":"https:\/\/corvim.com.ar\/#website","url":"https:\/\/corvim.com.ar\/","name":"corvim.com.ar","description":"","publisher":{"@id":"https:\/\/corvim.com.ar\/#organization"},"potentialAction":[{"@type":"SearchAction","target":{"@type":"EntryPoint","urlTemplate":"https:\/\/corvim.com.ar\/?s={search_term_string}"},"query-input":{"@type":"PropertyValueSpecification","valueRequired":true,"valueName":"search_term_string"}}],"inLanguage":"es"},{"@type":"Organization","@id":"https:\/\/corvim.com.ar\/#organization","name":"corvim.com.ar","url":"https:\/\/corvim.com.ar\/","logo":{"@type":"ImageObject","inLanguage":"es","@id":"https:\/\/corvim.com.ar\/#\/schema\/logo\/image\/","url":"https:\/\/corvim.com.ar\/wp-content\/uploads\/2025\/06\/cropped-logo-corvim.jpg","contentUrl":"https:\/\/corvim.com.ar\/wp-content\/uploads\/2025\/06\/cropped-logo-corvim.jpg","width":165,"height":84,"caption":"corvim.com.ar"},"image":{"@id":"https:\/\/corvim.com.ar\/#\/schema\/logo\/image\/"}}]}},"_links":{"self":[{"href":"https:\/\/corvim.com.ar\/index.php\/wp-json\/wp\/v2\/product\/1027","targetHints":{"allow":["GET"]}}],"collection":[{"href":"https:\/\/corvim.com.ar\/index.php\/wp-json\/wp\/v2\/product"}],"about":[{"href":"https:\/\/corvim.com.ar\/index.php\/wp-json\/wp\/v2\/types\/product"}],"version-history":[{"count":2,"href":"https:\/\/corvim.com.ar\/index.php\/wp-json\/wp\/v2\/product\/1027\/revisions"}],"predecessor-version":[{"id":3043,"href":"https:\/\/corvim.com.ar\/index.php\/wp-json\/wp\/v2\/product\/1027\/revisions\/3043"}],"wp:featuredmedia":[{"embeddable":true,"href":"https:\/\/corvim.com.ar\/index.php\/wp-json\/wp\/v2\/media\/3041"}],"wp:attachment":[{"href":"https:\/\/corvim.com.ar\/index.php\/wp-json\/wp\/v2\/media?parent=1027"}],"wp:term":[{"taxonomy":"product_brand","embeddable":true,"href":"https:\/\/corvim.com.ar\/index.php\/wp-json\/wp\/v2\/product_brand?post=1027"},{"taxonomy":"product_cat","embeddable":true,"href":"https:\/\/corvim.com.ar\/index.php\/wp-json\/wp\/v2\/product_cat?post=1027"},{"taxonomy":"product_tag","embeddable":true,"href":"https:\/\/corvim.com.ar\/index.php\/wp-json\/wp\/v2\/product_tag?post=1027"}],"curies":[{"name":"wp","href":"https:\/\/api.w.org\/{rel}","templated":true}]}}