{"id":1020,"date":"2021-11-18T18:39:31","date_gmt":"2021-11-18T21:39:31","guid":{"rendered":"https:\/\/corvim.com.ar\/?post_type=product&#038;p=1020"},"modified":"2025-08-28T13:08:53","modified_gmt":"2025-08-28T16:08:53","slug":"pistola-para-pintar-aerografica-std-acero-125cm3-voylet-k3","status":"publish","type":"product","link":"https:\/\/corvim.com.ar\/index.php\/product\/pistola-para-pintar-aerografica-std-acero-125cm3-voylet-k3\/","title":{"rendered":"PISTOLA PARA PINTAR AEROGRAFICA STD ACERO 125CM3 VOYLET K3"},"content":{"rendered":"","protected":false},"excerpt":{"rendered":"<p>Caracter\u00edsticas:<br \/>\n-Con un dise\u00f1o ergon\u00f3mico del cuerpo de la pistola que ayuda a reducir la fatiga del pintor.<br \/>\n-Cuerpo de pistola de aluminio y copa con boquilla de cobre.<br \/>\n-Compatible con solventes y recubrimientos a base de agua (No hay reacci\u00f3n qu\u00edmica al aluminio)<br \/>\n-Calibre de boquilla: 0,5 mm.<br \/>\n-Capacidad de la copa: 125cc.<br \/>\n-Material: Acero inoxidable.<br \/>\n-Aplicaci\u00f3n: Spaying en carros, muebles, juguetes, instrumentos y m\u00e1quinas, etc.<br \/>\n-Presi\u00f3n de aire compatible: 2 kgf \/ cm cuadrado.<br \/>\n-Mejor distancia de pulverizaci\u00f3n: 3.9 \u00ab-5.9\u00bb (10 &#8211; 15cm).<br \/>\n-Presi\u00f3n de trabajo: 45 a 55 psi.<br \/>\n-Consumo de aire de 2.4 CFM.<br \/>\n-Fluido de entrega: 40 mm.<br \/>\n-Entrada de aire: 1\/4-pulgada NPT.<\/p>\n","protected":false},"featured_media":2792,"template":"","meta":[],"product_brand":[],"product_cat":[133],"product_tag":[109],"class_list":{"0":"post-1020","1":"product","2":"type-product","3":"status-publish","4":"has-post-thumbnail","6":"product_cat-maquinas-de-pintura-y-herramientas","7":"product_tag-voylet","9":"first","10":"instock","11":"shipping-taxable","12":"purchasable","13":"product-type-simple"},"aioseo_notices":[],"yoast_head":"<!-- This site is optimized with the Yoast SEO plugin v27.5 - https:\/\/yoast.com\/product\/yoast-seo-wordpress\/ -->\n<title>PISTOLA PARA PINTAR AEROGRAFICA STD ACERO 125CM3 VOYLET K3 - corvim.com.ar<\/title>\n<meta name=\"robots\" content=\"index, follow, max-snippet:-1, max-image-preview:large, max-video-preview:-1\" \/>\n<link rel=\"canonical\" href=\"https:\/\/corvim.com.ar\/index.php\/product\/pistola-para-pintar-aerografica-std-acero-125cm3-voylet-k3\/\" \/>\n<meta property=\"og:locale\" content=\"es_ES\" \/>\n<meta property=\"og:type\" content=\"article\" \/>\n<meta property=\"og:title\" content=\"PISTOLA PARA PINTAR AEROGRAFICA STD ACERO 125CM3 VOYLET K3 - corvim.com.ar\" \/>\n<meta property=\"og:description\" content=\"Caracter\u00edsticas: -Con un dise\u00f1o ergon\u00f3mico del cuerpo de la pistola que ayuda a reducir la fatiga del pintor. -Cuerpo de pistola de aluminio y copa con boquilla de cobre. -Compatible con solventes y recubrimientos a base de agua (No hay reacci\u00f3n qu\u00edmica al aluminio) -Calibre de boquilla: 0,5 mm. -Capacidad de la copa: 125cc. -Material: Acero inoxidable. -Aplicaci\u00f3n: Spaying en carros, muebles, juguetes, instrumentos y m\u00e1quinas, etc. -Presi\u00f3n de aire compatible: 2 kgf \/ cm cuadrado. -Mejor distancia de pulverizaci\u00f3n: 3.9 &quot;-5.9&quot; (10 - 15cm). -Presi\u00f3n de trabajo: 45 a 55 psi. -Consumo de aire de 2.4 CFM. -Fluido de entrega: 40 mm. -Entrada de aire: 1\/4-pulgada NPT.\" \/>\n<meta property=\"og:url\" content=\"https:\/\/corvim.com.ar\/index.php\/product\/pistola-para-pintar-aerografica-std-acero-125cm3-voylet-k3\/\" \/>\n<meta property=\"og:site_name\" content=\"corvim.com.ar\" \/>\n<meta property=\"article:modified_time\" content=\"2025-08-28T16:08:53+00:00\" \/>\n<meta property=\"og:image\" content=\"http:\/\/corvim.com.ar\/wp-content\/uploads\/2021\/11\/pistola-pintar-aerograficaPhotoroom-45.jpg\" \/>\n\t<meta property=\"og:image:width\" content=\"600\" \/>\n\t<meta property=\"og:image:height\" content=\"592\" \/>\n\t<meta property=\"og:image:type\" content=\"image\/jpeg\" \/>\n<meta name=\"twitter:card\" content=\"summary_large_image\" \/>\n<meta name=\"twitter:label1\" content=\"Tiempo de lectura\" \/>\n\t<meta name=\"twitter:data1\" content=\"1 minuto\" \/>\n<script type=\"application\/ld+json\" class=\"yoast-schema-graph\">{\"@context\":\"https:\\\/\\\/schema.org\",\"@graph\":[{\"@type\":\"WebPage\",\"@id\":\"https:\\\/\\\/corvim.com.ar\\\/index.php\\\/product\\\/pistola-para-pintar-aerografica-std-acero-125cm3-voylet-k3\\\/\",\"url\":\"https:\\\/\\\/corvim.com.ar\\\/index.php\\\/product\\\/pistola-para-pintar-aerografica-std-acero-125cm3-voylet-k3\\\/\",\"name\":\"PISTOLA PARA PINTAR AEROGRAFICA STD ACERO 125CM3 VOYLET K3 - corvim.com.ar\",\"isPartOf\":{\"@id\":\"https:\\\/\\\/corvim.com.ar\\\/#website\"},\"primaryImageOfPage\":{\"@id\":\"https:\\\/\\\/corvim.com.ar\\\/index.php\\\/product\\\/pistola-para-pintar-aerografica-std-acero-125cm3-voylet-k3\\\/#primaryimage\"},\"image\":{\"@id\":\"https:\\\/\\\/corvim.com.ar\\\/index.php\\\/product\\\/pistola-para-pintar-aerografica-std-acero-125cm3-voylet-k3\\\/#primaryimage\"},\"thumbnailUrl\":\"https:\\\/\\\/corvim.com.ar\\\/wp-content\\\/uploads\\\/2021\\\/11\\\/pistola-pintar-aerograficaPhotoroom-45.jpg\",\"datePublished\":\"2021-11-18T21:39:31+00:00\",\"dateModified\":\"2025-08-28T16:08:53+00:00\",\"breadcrumb\":{\"@id\":\"https:\\\/\\\/corvim.com.ar\\\/index.php\\\/product\\\/pistola-para-pintar-aerografica-std-acero-125cm3-voylet-k3\\\/#breadcrumb\"},\"inLanguage\":\"es\",\"potentialAction\":[{\"@type\":\"ReadAction\",\"target\":[\"https:\\\/\\\/corvim.com.ar\\\/index.php\\\/product\\\/pistola-para-pintar-aerografica-std-acero-125cm3-voylet-k3\\\/\"]}]},{\"@type\":\"ImageObject\",\"inLanguage\":\"es\",\"@id\":\"https:\\\/\\\/corvim.com.ar\\\/index.php\\\/product\\\/pistola-para-pintar-aerografica-std-acero-125cm3-voylet-k3\\\/#primaryimage\",\"url\":\"https:\\\/\\\/corvim.com.ar\\\/wp-content\\\/uploads\\\/2021\\\/11\\\/pistola-pintar-aerograficaPhotoroom-45.jpg\",\"contentUrl\":\"https:\\\/\\\/corvim.com.ar\\\/wp-content\\\/uploads\\\/2021\\\/11\\\/pistola-pintar-aerograficaPhotoroom-45.jpg\",\"width\":600,\"height\":592},{\"@type\":\"BreadcrumbList\",\"@id\":\"https:\\\/\\\/corvim.com.ar\\\/index.php\\\/product\\\/pistola-para-pintar-aerografica-std-acero-125cm3-voylet-k3\\\/#breadcrumb\",\"itemListElement\":[{\"@type\":\"ListItem\",\"position\":1,\"name\":\"Portada\",\"item\":\"https:\\\/\\\/corvim.com.ar\\\/\"},{\"@type\":\"ListItem\",\"position\":2,\"name\":\"Productos\",\"item\":\"https:\\\/\\\/corvim.com.ar\\\/index.php\\\/shop\\\/\"},{\"@type\":\"ListItem\",\"position\":3,\"name\":\"PISTOLA PARA PINTAR AEROGRAFICA STD ACERO 125CM3 VOYLET K3\"}]},{\"@type\":\"WebSite\",\"@id\":\"https:\\\/\\\/corvim.com.ar\\\/#website\",\"url\":\"https:\\\/\\\/corvim.com.ar\\\/\",\"name\":\"corvim.com.ar\",\"description\":\"\",\"publisher\":{\"@id\":\"https:\\\/\\\/corvim.com.ar\\\/#organization\"},\"potentialAction\":[{\"@type\":\"SearchAction\",\"target\":{\"@type\":\"EntryPoint\",\"urlTemplate\":\"https:\\\/\\\/corvim.com.ar\\\/?s={search_term_string}\"},\"query-input\":{\"@type\":\"PropertyValueSpecification\",\"valueRequired\":true,\"valueName\":\"search_term_string\"}}],\"inLanguage\":\"es\"},{\"@type\":\"Organization\",\"@id\":\"https:\\\/\\\/corvim.com.ar\\\/#organization\",\"name\":\"corvim.com.ar\",\"url\":\"https:\\\/\\\/corvim.com.ar\\\/\",\"logo\":{\"@type\":\"ImageObject\",\"inLanguage\":\"es\",\"@id\":\"https:\\\/\\\/corvim.com.ar\\\/#\\\/schema\\\/logo\\\/image\\\/\",\"url\":\"https:\\\/\\\/corvim.com.ar\\\/wp-content\\\/uploads\\\/2025\\\/06\\\/cropped-logo-corvim.jpg\",\"contentUrl\":\"https:\\\/\\\/corvim.com.ar\\\/wp-content\\\/uploads\\\/2025\\\/06\\\/cropped-logo-corvim.jpg\",\"width\":165,\"height\":84,\"caption\":\"corvim.com.ar\"},\"image\":{\"@id\":\"https:\\\/\\\/corvim.com.ar\\\/#\\\/schema\\\/logo\\\/image\\\/\"}}]}<\/script>\n<!-- \/ Yoast SEO plugin. -->","yoast_head_json":{"title":"PISTOLA PARA PINTAR AEROGRAFICA STD ACERO 125CM3 VOYLET K3 - corvim.com.ar","robots":{"index":"index","follow":"follow","max-snippet":"max-snippet:-1","max-image-preview":"max-image-preview:large","max-video-preview":"max-video-preview:-1"},"canonical":"https:\/\/corvim.com.ar\/index.php\/product\/pistola-para-pintar-aerografica-std-acero-125cm3-voylet-k3\/","og_locale":"es_ES","og_type":"article","og_title":"PISTOLA PARA PINTAR AEROGRAFICA STD ACERO 125CM3 VOYLET K3 - corvim.com.ar","og_description":"Caracter\u00edsticas: -Con un dise\u00f1o ergon\u00f3mico del cuerpo de la pistola que ayuda a reducir la fatiga del pintor. -Cuerpo de pistola de aluminio y copa con boquilla de cobre. -Compatible con solventes y recubrimientos a base de agua (No hay reacci\u00f3n qu\u00edmica al aluminio) -Calibre de boquilla: 0,5 mm. -Capacidad de la copa: 125cc. -Material: Acero inoxidable. -Aplicaci\u00f3n: Spaying en carros, muebles, juguetes, instrumentos y m\u00e1quinas, etc. -Presi\u00f3n de aire compatible: 2 kgf \/ cm cuadrado. -Mejor distancia de pulverizaci\u00f3n: 3.9 \"-5.9\" (10 - 15cm). -Presi\u00f3n de trabajo: 45 a 55 psi. -Consumo de aire de 2.4 CFM. -Fluido de entrega: 40 mm. -Entrada de aire: 1\/4-pulgada NPT.","og_url":"https:\/\/corvim.com.ar\/index.php\/product\/pistola-para-pintar-aerografica-std-acero-125cm3-voylet-k3\/","og_site_name":"corvim.com.ar","article_modified_time":"2025-08-28T16:08:53+00:00","og_image":[{"width":600,"height":592,"url":"http:\/\/corvim.com.ar\/wp-content\/uploads\/2021\/11\/pistola-pintar-aerograficaPhotoroom-45.jpg","type":"image\/jpeg"}],"twitter_card":"summary_large_image","twitter_misc":{"Tiempo de lectura":"1 minuto"},"schema":{"@context":"https:\/\/schema.org","@graph":[{"@type":"WebPage","@id":"https:\/\/corvim.com.ar\/index.php\/product\/pistola-para-pintar-aerografica-std-acero-125cm3-voylet-k3\/","url":"https:\/\/corvim.com.ar\/index.php\/product\/pistola-para-pintar-aerografica-std-acero-125cm3-voylet-k3\/","name":"PISTOLA PARA PINTAR AEROGRAFICA STD ACERO 125CM3 VOYLET K3 - corvim.com.ar","isPartOf":{"@id":"https:\/\/corvim.com.ar\/#website"},"primaryImageOfPage":{"@id":"https:\/\/corvim.com.ar\/index.php\/product\/pistola-para-pintar-aerografica-std-acero-125cm3-voylet-k3\/#primaryimage"},"image":{"@id":"https:\/\/corvim.com.ar\/index.php\/product\/pistola-para-pintar-aerografica-std-acero-125cm3-voylet-k3\/#primaryimage"},"thumbnailUrl":"https:\/\/corvim.com.ar\/wp-content\/uploads\/2021\/11\/pistola-pintar-aerograficaPhotoroom-45.jpg","datePublished":"2021-11-18T21:39:31+00:00","dateModified":"2025-08-28T16:08:53+00:00","breadcrumb":{"@id":"https:\/\/corvim.com.ar\/index.php\/product\/pistola-para-pintar-aerografica-std-acero-125cm3-voylet-k3\/#breadcrumb"},"inLanguage":"es","potentialAction":[{"@type":"ReadAction","target":["https:\/\/corvim.com.ar\/index.php\/product\/pistola-para-pintar-aerografica-std-acero-125cm3-voylet-k3\/"]}]},{"@type":"ImageObject","inLanguage":"es","@id":"https:\/\/corvim.com.ar\/index.php\/product\/pistola-para-pintar-aerografica-std-acero-125cm3-voylet-k3\/#primaryimage","url":"https:\/\/corvim.com.ar\/wp-content\/uploads\/2021\/11\/pistola-pintar-aerograficaPhotoroom-45.jpg","contentUrl":"https:\/\/corvim.com.ar\/wp-content\/uploads\/2021\/11\/pistola-pintar-aerograficaPhotoroom-45.jpg","width":600,"height":592},{"@type":"BreadcrumbList","@id":"https:\/\/corvim.com.ar\/index.php\/product\/pistola-para-pintar-aerografica-std-acero-125cm3-voylet-k3\/#breadcrumb","itemListElement":[{"@type":"ListItem","position":1,"name":"Portada","item":"https:\/\/corvim.com.ar\/"},{"@type":"ListItem","position":2,"name":"Productos","item":"https:\/\/corvim.com.ar\/index.php\/shop\/"},{"@type":"ListItem","position":3,"name":"PISTOLA PARA PINTAR AEROGRAFICA STD ACERO 125CM3 VOYLET K3"}]},{"@type":"WebSite","@id":"https:\/\/corvim.com.ar\/#website","url":"https:\/\/corvim.com.ar\/","name":"corvim.com.ar","description":"","publisher":{"@id":"https:\/\/corvim.com.ar\/#organization"},"potentialAction":[{"@type":"SearchAction","target":{"@type":"EntryPoint","urlTemplate":"https:\/\/corvim.com.ar\/?s={search_term_string}"},"query-input":{"@type":"PropertyValueSpecification","valueRequired":true,"valueName":"search_term_string"}}],"inLanguage":"es"},{"@type":"Organization","@id":"https:\/\/corvim.com.ar\/#organization","name":"corvim.com.ar","url":"https:\/\/corvim.com.ar\/","logo":{"@type":"ImageObject","inLanguage":"es","@id":"https:\/\/corvim.com.ar\/#\/schema\/logo\/image\/","url":"https:\/\/corvim.com.ar\/wp-content\/uploads\/2025\/06\/cropped-logo-corvim.jpg","contentUrl":"https:\/\/corvim.com.ar\/wp-content\/uploads\/2025\/06\/cropped-logo-corvim.jpg","width":165,"height":84,"caption":"corvim.com.ar"},"image":{"@id":"https:\/\/corvim.com.ar\/#\/schema\/logo\/image\/"}}]}},"_links":{"self":[{"href":"https:\/\/corvim.com.ar\/index.php\/wp-json\/wp\/v2\/product\/1020","targetHints":{"allow":["GET"]}}],"collection":[{"href":"https:\/\/corvim.com.ar\/index.php\/wp-json\/wp\/v2\/product"}],"about":[{"href":"https:\/\/corvim.com.ar\/index.php\/wp-json\/wp\/v2\/types\/product"}],"version-history":[{"count":1,"href":"https:\/\/corvim.com.ar\/index.php\/wp-json\/wp\/v2\/product\/1020\/revisions"}],"predecessor-version":[{"id":2793,"href":"https:\/\/corvim.com.ar\/index.php\/wp-json\/wp\/v2\/product\/1020\/revisions\/2793"}],"wp:featuredmedia":[{"embeddable":true,"href":"https:\/\/corvim.com.ar\/index.php\/wp-json\/wp\/v2\/media\/2792"}],"wp:attachment":[{"href":"https:\/\/corvim.com.ar\/index.php\/wp-json\/wp\/v2\/media?parent=1020"}],"wp:term":[{"taxonomy":"product_brand","embeddable":true,"href":"https:\/\/corvim.com.ar\/index.php\/wp-json\/wp\/v2\/product_brand?post=1020"},{"taxonomy":"product_cat","embeddable":true,"href":"https:\/\/corvim.com.ar\/index.php\/wp-json\/wp\/v2\/product_cat?post=1020"},{"taxonomy":"product_tag","embeddable":true,"href":"https:\/\/corvim.com.ar\/index.php\/wp-json\/wp\/v2\/product_tag?post=1020"}],"curies":[{"name":"wp","href":"https:\/\/api.w.org\/{rel}","templated":true}]}}