{"id":1003,"date":"2021-11-18T13:19:18","date_gmt":"2021-11-18T16:19:18","guid":{"rendered":"https:\/\/corvim.com.ar\/?post_type=product&#038;p=1003"},"modified":"2025-09-20T12:21:33","modified_gmt":"2025-09-20T15:21:33","slug":"cinta-papel-doble-a","status":"publish","type":"product","link":"https:\/\/corvim.com.ar\/index.php\/product\/cinta-papel-doble-a\/","title":{"rendered":"CINTA PAPEL DOBLE A."},"content":{"rendered":"","protected":false},"excerpt":{"rendered":"<p>Cinta de Papel blanca\u00a0 DOBLE A: Distintos anchos: 16,18, 24, 36, 48 mm. x 40 mts. de largo.\u00a0 Permiten fijaci\u00f3n de catones papeles para enmascarar en el interior, pisos z\u00f3calos. Garantiza una fuerte adhesi\u00f3n y luego un despegue limpio. Aplicaciones para hogar, obra y\u00a0 enmascarado.<\/p>\n","protected":false},"featured_media":2650,"template":"","meta":[],"product_brand":[],"product_cat":[64],"product_tag":[108],"class_list":{"0":"post-1003","1":"product","2":"type-product","3":"status-publish","4":"has-post-thumbnail","6":"product_cat-accesorios-2","7":"product_tag-doble-a","9":"first","10":"instock","11":"shipping-taxable","12":"purchasable","13":"product-type-variable"},"aioseo_notices":[],"yoast_head":"<!-- This site is optimized with the Yoast SEO plugin v27.5 - https:\/\/yoast.com\/product\/yoast-seo-wordpress\/ -->\n<title>CINTA PAPEL DOBLE A. - corvim.com.ar<\/title>\n<meta name=\"robots\" content=\"index, follow, max-snippet:-1, max-image-preview:large, max-video-preview:-1\" \/>\n<link rel=\"canonical\" href=\"https:\/\/corvim.com.ar\/index.php\/product\/cinta-papel-doble-a\/\" \/>\n<meta property=\"og:locale\" content=\"es_ES\" \/>\n<meta property=\"og:type\" content=\"article\" \/>\n<meta property=\"og:title\" content=\"CINTA PAPEL DOBLE A. - corvim.com.ar\" \/>\n<meta property=\"og:description\" content=\"Cinta de Papel blanca\u00a0 DOBLE A: Distintos anchos: 16,18, 24, 36, 48 mm. x 40 mts. de largo.\u00a0 Permiten fijaci\u00f3n de catones papeles para enmascarar en el interior, pisos z\u00f3calos. Garantiza una fuerte adhesi\u00f3n y luego un despegue limpio. Aplicaciones para hogar, obra y\u00a0 enmascarado.\" \/>\n<meta property=\"og:url\" content=\"https:\/\/corvim.com.ar\/index.php\/product\/cinta-papel-doble-a\/\" \/>\n<meta property=\"og:site_name\" content=\"corvim.com.ar\" \/>\n<meta property=\"article:modified_time\" content=\"2025-09-20T15:21:33+00:00\" \/>\n<meta property=\"og:image\" content=\"http:\/\/corvim.com.ar\/wp-content\/uploads\/2021\/11\/cinta-papel-photoroom.jpg\" \/>\n\t<meta property=\"og:image:width\" content=\"2000\" \/>\n\t<meta property=\"og:image:height\" content=\"2000\" \/>\n\t<meta property=\"og:image:type\" content=\"image\/jpeg\" \/>\n<meta name=\"twitter:card\" content=\"summary_large_image\" \/>\n<meta name=\"twitter:label1\" content=\"Tiempo de lectura\" \/>\n\t<meta name=\"twitter:data1\" content=\"1 minuto\" \/>\n<script type=\"application\/ld+json\" class=\"yoast-schema-graph\">{\"@context\":\"https:\\\/\\\/schema.org\",\"@graph\":[{\"@type\":\"WebPage\",\"@id\":\"https:\\\/\\\/corvim.com.ar\\\/index.php\\\/product\\\/cinta-papel-doble-a\\\/\",\"url\":\"https:\\\/\\\/corvim.com.ar\\\/index.php\\\/product\\\/cinta-papel-doble-a\\\/\",\"name\":\"CINTA PAPEL DOBLE A. - corvim.com.ar\",\"isPartOf\":{\"@id\":\"https:\\\/\\\/corvim.com.ar\\\/#website\"},\"primaryImageOfPage\":{\"@id\":\"https:\\\/\\\/corvim.com.ar\\\/index.php\\\/product\\\/cinta-papel-doble-a\\\/#primaryimage\"},\"image\":{\"@id\":\"https:\\\/\\\/corvim.com.ar\\\/index.php\\\/product\\\/cinta-papel-doble-a\\\/#primaryimage\"},\"thumbnailUrl\":\"https:\\\/\\\/corvim.com.ar\\\/wp-content\\\/uploads\\\/2021\\\/11\\\/cinta-papel-photoroom.jpg\",\"datePublished\":\"2021-11-18T16:19:18+00:00\",\"dateModified\":\"2025-09-20T15:21:33+00:00\",\"breadcrumb\":{\"@id\":\"https:\\\/\\\/corvim.com.ar\\\/index.php\\\/product\\\/cinta-papel-doble-a\\\/#breadcrumb\"},\"inLanguage\":\"es\",\"potentialAction\":[{\"@type\":\"ReadAction\",\"target\":[\"https:\\\/\\\/corvim.com.ar\\\/index.php\\\/product\\\/cinta-papel-doble-a\\\/\"]}]},{\"@type\":\"ImageObject\",\"inLanguage\":\"es\",\"@id\":\"https:\\\/\\\/corvim.com.ar\\\/index.php\\\/product\\\/cinta-papel-doble-a\\\/#primaryimage\",\"url\":\"https:\\\/\\\/corvim.com.ar\\\/wp-content\\\/uploads\\\/2021\\\/11\\\/cinta-papel-photoroom.jpg\",\"contentUrl\":\"https:\\\/\\\/corvim.com.ar\\\/wp-content\\\/uploads\\\/2021\\\/11\\\/cinta-papel-photoroom.jpg\",\"width\":2000,\"height\":2000},{\"@type\":\"BreadcrumbList\",\"@id\":\"https:\\\/\\\/corvim.com.ar\\\/index.php\\\/product\\\/cinta-papel-doble-a\\\/#breadcrumb\",\"itemListElement\":[{\"@type\":\"ListItem\",\"position\":1,\"name\":\"Portada\",\"item\":\"https:\\\/\\\/corvim.com.ar\\\/\"},{\"@type\":\"ListItem\",\"position\":2,\"name\":\"Productos\",\"item\":\"https:\\\/\\\/corvim.com.ar\\\/index.php\\\/shop\\\/\"},{\"@type\":\"ListItem\",\"position\":3,\"name\":\"CINTA PAPEL DOBLE A.\"}]},{\"@type\":\"WebSite\",\"@id\":\"https:\\\/\\\/corvim.com.ar\\\/#website\",\"url\":\"https:\\\/\\\/corvim.com.ar\\\/\",\"name\":\"corvim.com.ar\",\"description\":\"\",\"publisher\":{\"@id\":\"https:\\\/\\\/corvim.com.ar\\\/#organization\"},\"potentialAction\":[{\"@type\":\"SearchAction\",\"target\":{\"@type\":\"EntryPoint\",\"urlTemplate\":\"https:\\\/\\\/corvim.com.ar\\\/?s={search_term_string}\"},\"query-input\":{\"@type\":\"PropertyValueSpecification\",\"valueRequired\":true,\"valueName\":\"search_term_string\"}}],\"inLanguage\":\"es\"},{\"@type\":\"Organization\",\"@id\":\"https:\\\/\\\/corvim.com.ar\\\/#organization\",\"name\":\"corvim.com.ar\",\"url\":\"https:\\\/\\\/corvim.com.ar\\\/\",\"logo\":{\"@type\":\"ImageObject\",\"inLanguage\":\"es\",\"@id\":\"https:\\\/\\\/corvim.com.ar\\\/#\\\/schema\\\/logo\\\/image\\\/\",\"url\":\"https:\\\/\\\/corvim.com.ar\\\/wp-content\\\/uploads\\\/2025\\\/06\\\/cropped-logo-corvim.jpg\",\"contentUrl\":\"https:\\\/\\\/corvim.com.ar\\\/wp-content\\\/uploads\\\/2025\\\/06\\\/cropped-logo-corvim.jpg\",\"width\":165,\"height\":84,\"caption\":\"corvim.com.ar\"},\"image\":{\"@id\":\"https:\\\/\\\/corvim.com.ar\\\/#\\\/schema\\\/logo\\\/image\\\/\"}}]}<\/script>\n<!-- \/ Yoast SEO plugin. -->","yoast_head_json":{"title":"CINTA PAPEL DOBLE A. - corvim.com.ar","robots":{"index":"index","follow":"follow","max-snippet":"max-snippet:-1","max-image-preview":"max-image-preview:large","max-video-preview":"max-video-preview:-1"},"canonical":"https:\/\/corvim.com.ar\/index.php\/product\/cinta-papel-doble-a\/","og_locale":"es_ES","og_type":"article","og_title":"CINTA PAPEL DOBLE A. - corvim.com.ar","og_description":"Cinta de Papel blanca\u00a0 DOBLE A: Distintos anchos: 16,18, 24, 36, 48 mm. x 40 mts. de largo.\u00a0 Permiten fijaci\u00f3n de catones papeles para enmascarar en el interior, pisos z\u00f3calos. Garantiza una fuerte adhesi\u00f3n y luego un despegue limpio. Aplicaciones para hogar, obra y\u00a0 enmascarado.","og_url":"https:\/\/corvim.com.ar\/index.php\/product\/cinta-papel-doble-a\/","og_site_name":"corvim.com.ar","article_modified_time":"2025-09-20T15:21:33+00:00","og_image":[{"width":2000,"height":2000,"url":"http:\/\/corvim.com.ar\/wp-content\/uploads\/2021\/11\/cinta-papel-photoroom.jpg","type":"image\/jpeg"}],"twitter_card":"summary_large_image","twitter_misc":{"Tiempo de lectura":"1 minuto"},"schema":{"@context":"https:\/\/schema.org","@graph":[{"@type":"WebPage","@id":"https:\/\/corvim.com.ar\/index.php\/product\/cinta-papel-doble-a\/","url":"https:\/\/corvim.com.ar\/index.php\/product\/cinta-papel-doble-a\/","name":"CINTA PAPEL DOBLE A. - corvim.com.ar","isPartOf":{"@id":"https:\/\/corvim.com.ar\/#website"},"primaryImageOfPage":{"@id":"https:\/\/corvim.com.ar\/index.php\/product\/cinta-papel-doble-a\/#primaryimage"},"image":{"@id":"https:\/\/corvim.com.ar\/index.php\/product\/cinta-papel-doble-a\/#primaryimage"},"thumbnailUrl":"https:\/\/corvim.com.ar\/wp-content\/uploads\/2021\/11\/cinta-papel-photoroom.jpg","datePublished":"2021-11-18T16:19:18+00:00","dateModified":"2025-09-20T15:21:33+00:00","breadcrumb":{"@id":"https:\/\/corvim.com.ar\/index.php\/product\/cinta-papel-doble-a\/#breadcrumb"},"inLanguage":"es","potentialAction":[{"@type":"ReadAction","target":["https:\/\/corvim.com.ar\/index.php\/product\/cinta-papel-doble-a\/"]}]},{"@type":"ImageObject","inLanguage":"es","@id":"https:\/\/corvim.com.ar\/index.php\/product\/cinta-papel-doble-a\/#primaryimage","url":"https:\/\/corvim.com.ar\/wp-content\/uploads\/2021\/11\/cinta-papel-photoroom.jpg","contentUrl":"https:\/\/corvim.com.ar\/wp-content\/uploads\/2021\/11\/cinta-papel-photoroom.jpg","width":2000,"height":2000},{"@type":"BreadcrumbList","@id":"https:\/\/corvim.com.ar\/index.php\/product\/cinta-papel-doble-a\/#breadcrumb","itemListElement":[{"@type":"ListItem","position":1,"name":"Portada","item":"https:\/\/corvim.com.ar\/"},{"@type":"ListItem","position":2,"name":"Productos","item":"https:\/\/corvim.com.ar\/index.php\/shop\/"},{"@type":"ListItem","position":3,"name":"CINTA PAPEL DOBLE A."}]},{"@type":"WebSite","@id":"https:\/\/corvim.com.ar\/#website","url":"https:\/\/corvim.com.ar\/","name":"corvim.com.ar","description":"","publisher":{"@id":"https:\/\/corvim.com.ar\/#organization"},"potentialAction":[{"@type":"SearchAction","target":{"@type":"EntryPoint","urlTemplate":"https:\/\/corvim.com.ar\/?s={search_term_string}"},"query-input":{"@type":"PropertyValueSpecification","valueRequired":true,"valueName":"search_term_string"}}],"inLanguage":"es"},{"@type":"Organization","@id":"https:\/\/corvim.com.ar\/#organization","name":"corvim.com.ar","url":"https:\/\/corvim.com.ar\/","logo":{"@type":"ImageObject","inLanguage":"es","@id":"https:\/\/corvim.com.ar\/#\/schema\/logo\/image\/","url":"https:\/\/corvim.com.ar\/wp-content\/uploads\/2025\/06\/cropped-logo-corvim.jpg","contentUrl":"https:\/\/corvim.com.ar\/wp-content\/uploads\/2025\/06\/cropped-logo-corvim.jpg","width":165,"height":84,"caption":"corvim.com.ar"},"image":{"@id":"https:\/\/corvim.com.ar\/#\/schema\/logo\/image\/"}}]}},"_links":{"self":[{"href":"https:\/\/corvim.com.ar\/index.php\/wp-json\/wp\/v2\/product\/1003","targetHints":{"allow":["GET"]}}],"collection":[{"href":"https:\/\/corvim.com.ar\/index.php\/wp-json\/wp\/v2\/product"}],"about":[{"href":"https:\/\/corvim.com.ar\/index.php\/wp-json\/wp\/v2\/types\/product"}],"version-history":[{"count":3,"href":"https:\/\/corvim.com.ar\/index.php\/wp-json\/wp\/v2\/product\/1003\/revisions"}],"predecessor-version":[{"id":3130,"href":"https:\/\/corvim.com.ar\/index.php\/wp-json\/wp\/v2\/product\/1003\/revisions\/3130"}],"wp:featuredmedia":[{"embeddable":true,"href":"https:\/\/corvim.com.ar\/index.php\/wp-json\/wp\/v2\/media\/2650"}],"wp:attachment":[{"href":"https:\/\/corvim.com.ar\/index.php\/wp-json\/wp\/v2\/media?parent=1003"}],"wp:term":[{"taxonomy":"product_brand","embeddable":true,"href":"https:\/\/corvim.com.ar\/index.php\/wp-json\/wp\/v2\/product_brand?post=1003"},{"taxonomy":"product_cat","embeddable":true,"href":"https:\/\/corvim.com.ar\/index.php\/wp-json\/wp\/v2\/product_cat?post=1003"},{"taxonomy":"product_tag","embeddable":true,"href":"https:\/\/corvim.com.ar\/index.php\/wp-json\/wp\/v2\/product_tag?post=1003"}],"curies":[{"name":"wp","href":"https:\/\/api.w.org\/{rel}","templated":true}]}}